{"id":2611,"date":"2025-07-11T14:12:05","date_gmt":"2025-07-11T14:12:05","guid":{"rendered":"https:\/\/www.cherka-company.ba\/?post_type=product&#038;p=2611"},"modified":"2025-07-11T14:12:30","modified_gmt":"2025-07-11T14:12:30","slug":"rose","status":"publish","type":"product","link":"https:\/\/www.cherka-company.ba\/?product=rose","title":{"rendered":"Rose"},"content":{"rendered":"<p>U \u017eivotu izme\u0111u tradicije i modernog, dizajneri Gisela Mayer \/ Mayer Hair stvaraju perike budu\u0107nosti.<\/p>\n<p>Kolekcija New Generation sa svojim modernim krojevima \u2013 dugim i kratkim \u2013 definira inovativne komade kose Gisela Mayer \/ Mayer Hair.<br \/>\nIzvrsnu kvalitetu Black Label- \/ Gold Hair Collection karakteriziraju sofisticirani i trendi krojevi te visoka udobnost no\u0161enja. Dostupan u raznim stilovima i razli\u010ditim duljinama, iznimno lagan, ru\u010dno vezan s nje\u017enim mono gornjim dijelom i \u010dipkastim prednjim dijelom.<\/p>\n<p><img loading=\"lazy\" class=\"alignnone size-full wp-image-1959\" src=\"https:\/\/www.cherka-company.ba\/wp-content\/uploads\/2022\/09\/gm.png\" alt=\"\" width=\"255\" height=\"165\" \/><\/p>\n","protected":false},"excerpt":{"rendered":"<p>Me\u0111unarodne boje kolekcija Gisela Mayer \/ Mayer Hair postaju sve prirodnije nagla\u0161avaju\u0107i privla\u010dne i briljantne kombinacije boja.<\/p>\n<p><img loading=\"lazy\" class=\"alignnone size-full wp-image-1959\" src=\"https:\/\/www.cherka-company.ba\/wp-content\/uploads\/2022\/09\/gm.png\" alt=\"\" width=\"255\" height=\"165\" \/><\/p>\n","protected":false},"featured_media":2612,"template":"","meta":[],"product_cat":[104,68],"product_tag":[],"_links":{"self":[{"href":"https:\/\/www.cherka-company.ba\/index.php?rest_route=\/wp\/v2\/product\/2611"}],"collection":[{"href":"https:\/\/www.cherka-company.ba\/index.php?rest_route=\/wp\/v2\/product"}],"about":[{"href":"https:\/\/www.cherka-company.ba\/index.php?rest_route=\/wp\/v2\/types\/product"}],"version-history":[{"count":1,"href":"https:\/\/www.cherka-company.ba\/index.php?rest_route=\/wp\/v2\/product\/2611\/revisions"}],"predecessor-version":[{"id":2613,"href":"https:\/\/www.cherka-company.ba\/index.php?rest_route=\/wp\/v2\/product\/2611\/revisions\/2613"}],"wp:featuredmedia":[{"embeddable":true,"href":"https:\/\/www.cherka-company.ba\/index.php?rest_route=\/wp\/v2\/media\/2612"}],"wp:attachment":[{"href":"https:\/\/www.cherka-company.ba\/index.php?rest_route=%2Fwp%2Fv2%2Fmedia&parent=2611"}],"wp:term":[{"taxonomy":"product_cat","embeddable":true,"href":"https:\/\/www.cherka-company.ba\/index.php?rest_route=%2Fwp%2Fv2%2Fproduct_cat&post=2611"},{"taxonomy":"product_tag","embeddable":true,"href":"https:\/\/www.cherka-company.ba\/index.php?rest_route=%2Fwp%2Fv2%2Fproduct_tag&post=2611"}],"curies":[{"name":"wp","href":"https:\/\/api.w.org\/{rel}","templated":true}]}}