{"id":2562,"date":"2025-07-11T07:33:12","date_gmt":"2025-07-11T07:33:12","guid":{"rendered":"https:\/\/www.cherka-company.ba\/?post_type=product&#038;p=2562"},"modified":"2025-07-11T07:40:04","modified_gmt":"2025-07-11T07:40:04","slug":"esmarhova-poveska-za-odrasle-djecja","status":"publish","type":"product","link":"https:\/\/www.cherka-company.ba\/?product=esmarhova-poveska-za-odrasle-djecja","title":{"rendered":"Esmarhova poveska za odrasle\/dje\u010dja"},"content":{"rendered":"<p>Automatski podvez s poliesterskom rastezljivom trakom i ABS plasti\u010dnim dijelovima. Ure\u0111aj s jednostavnim mehanizmom za kori\u0161tenje jednom rukom, zna\u010dajno \u0161titi od zagu\u0161enja ruke, pobolj\u0161ava kvalitetu uzorka krvi za pregled. Nesterilni podvez, za vi\u0161ekratnu upotrebu, bez ftalata. Prije sljede\u0107e upotrebe treba ga oprati i dezinficirati. Ure\u0111aj je dizajniran za izazivanje venske staze kako bi vena odabrana za punkciju bila istaknutija.<br \/>\n\u25aa komponente: poliesterska rastezljiva traka i ABS plasti\u010dni dijelovi<br \/>\n\u25aa \u0161iroka rastezljiva traka za minimiziranje nakupljanja tlaka tijekom kompresije<br \/>\n\u25aa zna\u010dajno \u0161titi od zagu\u0161enja ruke, pobolj\u0161ava kvalitetu uzorka krvi za pregled<br \/>\n\u25aa smanjuje neugodne osje\u0107aje tijekom kompresije<br \/>\n\u25aa jednostavan mehanizam za kori\u0161tenje jednom rukom za jednostavno pri\u010dvr\u0161\u0107ivanje i od\u010dvr\u0161\u0107ivanje s postupnim otpu\u0161tanjem tlaka<br \/>\n\u25aa bez lateksa<br \/>\n\u25aa bez ftalata<br \/>\n\u25aa za vi\u0161ekratnu upotrebu<br \/>\n\u25aa nesterilno<br \/>\n\u25aa rok trajanja: 5 godina<br \/>\n\u010cI\u0160\u0106ENJE I DEZINFEKCIJA: Prije upotrebe na sljede\u0107em pacijentu ure\u0111aj treba oprati i dezinficirati u skladu s prihva\u0107enim internim postupcima odjela.<br \/>\nPreporu\u010duje se dezinfekcija uranjanjem u dostupno sredstvo za \u010di\u0161\u0107enje i dezinfekciju u vremenu koje je odredio proizvo\u0111a\u010d dezinficijensa.<\/p>\n","protected":false},"excerpt":{"rendered":"<p>&nbsp;<\/p>\n<p><img loading=\"lazy\" class=\"alignnone size-full wp-image-2109\" src=\"https:\/\/www.cherka-company.ba\/wp-content\/uploads\/2022\/09\/zarys.png\" alt=\"\" width=\"250\" height=\"277\" \/><\/p>\n","protected":false},"featured_media":2563,"template":"","meta":[],"product_cat":[95],"product_tag":[],"_links":{"self":[{"href":"https:\/\/www.cherka-company.ba\/index.php?rest_route=\/wp\/v2\/product\/2562"}],"collection":[{"href":"https:\/\/www.cherka-company.ba\/index.php?rest_route=\/wp\/v2\/product"}],"about":[{"href":"https:\/\/www.cherka-company.ba\/index.php?rest_route=\/wp\/v2\/types\/product"}],"version-history":[{"count":1,"href":"https:\/\/www.cherka-company.ba\/index.php?rest_route=\/wp\/v2\/product\/2562\/revisions"}],"predecessor-version":[{"id":2565,"href":"https:\/\/www.cherka-company.ba\/index.php?rest_route=\/wp\/v2\/product\/2562\/revisions\/2565"}],"wp:featuredmedia":[{"embeddable":true,"href":"https:\/\/www.cherka-company.ba\/index.php?rest_route=\/wp\/v2\/media\/2563"}],"wp:attachment":[{"href":"https:\/\/www.cherka-company.ba\/index.php?rest_route=%2Fwp%2Fv2%2Fmedia&parent=2562"}],"wp:term":[{"taxonomy":"product_cat","embeddable":true,"href":"https:\/\/www.cherka-company.ba\/index.php?rest_route=%2Fwp%2Fv2%2Fproduct_cat&post=2562"},{"taxonomy":"product_tag","embeddable":true,"href":"https:\/\/www.cherka-company.ba\/index.php?rest_route=%2Fwp%2Fv2%2Fproduct_tag&post=2562"}],"curies":[{"name":"wp","href":"https:\/\/api.w.org\/{rel}","templated":true}]}}