{"id":2539,"date":"2024-03-07T09:38:14","date_gmt":"2024-03-07T09:38:14","guid":{"rendered":"https:\/\/www.cherka-company.ba\/?post_type=product&#038;p=2539"},"modified":"2024-03-07T09:42:01","modified_gmt":"2024-03-07T09:42:01","slug":"nebulizer-maska-za-inhalator","status":"publish","type":"product","link":"https:\/\/www.cherka-company.ba\/?product=nebulizer-maska-za-inhalator","title":{"rendered":"Nebulizer maska za inhalator"},"content":{"rendered":"<p>ure\u0111aj dizajniran za proizvodnju aerosola koji sadr\u017ei usitnjeni lijek, koji se mo\u017ee isporu\u010diti u di\u0161ni sustav dok pacijent di\u0161e<\/p>\n","protected":false},"excerpt":{"rendered":"<ul>\n<li>od prozirnog, netoksi\u010dnog PVC-a<\/li>\n<li>bez lateksa<\/li>\n<li>podesiva nosna metalna plo\u010da i gumeno pri\u010dvr\u0161\u0107ivanje<\/li>\n<li>opremljen 210 cm (+\/- 5 %) dugom cijevi s univerzalnim spojnicama<\/li>\n<li>cijev zvjezdastog presjeka otporna na savijanje<\/li>\n<li>Raspr\u0161iva\u010d od 8 ml (graduiran na svakih 1 ml)<\/li>\n<li>prosje\u010dna veli\u010dina molekule pri protoku od 6l \/ min &#8211; 3,23 \u03bcm<\/li>\n<li>Jednokratna uporaba<\/li>\n<li>EO sterilizirano<\/li>\n<li>pojedina\u010dno pakiranje: papir-folija<\/li>\n<li>Veli\u010dine S,M,L,XL<\/li>\n<li><img loading=\"lazy\" class=\"alignnone size-full wp-image-2397\" src=\"https:\/\/www.cherka-company.ba\/wp-content\/uploads\/2022\/12\/zarys.png\" alt=\"\" width=\"250\" height=\"277\" \/><\/li>\n<\/ul>\n","protected":false},"featured_media":2540,"template":"","meta":[],"product_cat":[106],"product_tag":[],"_links":{"self":[{"href":"https:\/\/www.cherka-company.ba\/index.php?rest_route=\/wp\/v2\/product\/2539"}],"collection":[{"href":"https:\/\/www.cherka-company.ba\/index.php?rest_route=\/wp\/v2\/product"}],"about":[{"href":"https:\/\/www.cherka-company.ba\/index.php?rest_route=\/wp\/v2\/types\/product"}],"version-history":[{"count":1,"href":"https:\/\/www.cherka-company.ba\/index.php?rest_route=\/wp\/v2\/product\/2539\/revisions"}],"predecessor-version":[{"id":2541,"href":"https:\/\/www.cherka-company.ba\/index.php?rest_route=\/wp\/v2\/product\/2539\/revisions\/2541"}],"wp:featuredmedia":[{"embeddable":true,"href":"https:\/\/www.cherka-company.ba\/index.php?rest_route=\/wp\/v2\/media\/2540"}],"wp:attachment":[{"href":"https:\/\/www.cherka-company.ba\/index.php?rest_route=%2Fwp%2Fv2%2Fmedia&parent=2539"}],"wp:term":[{"taxonomy":"product_cat","embeddable":true,"href":"https:\/\/www.cherka-company.ba\/index.php?rest_route=%2Fwp%2Fv2%2Fproduct_cat&post=2539"},{"taxonomy":"product_tag","embeddable":true,"href":"https:\/\/www.cherka-company.ba\/index.php?rest_route=%2Fwp%2Fv2%2Fproduct_tag&post=2539"}],"curies":[{"name":"wp","href":"https:\/\/api.w.org\/{rel}","templated":true}]}}