{"id":2525,"date":"2023-12-14T15:29:08","date_gmt":"2023-12-14T15:29:08","guid":{"rendered":"https:\/\/www.cherka-company.ba\/?post_type=product&#038;p=2525"},"modified":"2023-12-14T15:32:08","modified_gmt":"2023-12-14T15:32:08","slug":"ortoza-za-ruku-marama-0321","status":"publish","type":"product","link":"https:\/\/www.cherka-company.ba\/?product=ortoza-za-ruku-marama-0321","title":{"rendered":"Ortoza za ruku, marama &#8211; 0321"},"content":{"rendered":"","protected":false},"excerpt":{"rendered":"<h4 id=\"tw-target-text\" class=\"tw-data-text tw-text-large tw-ta\" dir=\"ltr\" data-placeholder=\"Prijevod\" data-ved=\"2ahUKEwiu6vjz9IuDAxXmwQIHHaxTAK4Q3ewLegQIBRAQ\">Naramenica od pamu\u010dne tkanine, remen podesiv po visini i jastu\u010di\u0107 na ramenu za dodatnu udobnost te potpora palcu. Idealno za slu\u010dajeve kada ruka treba ostati stabilna na 90 stupnjeva.<\/h4>\n<p>&nbsp;<\/p>\n<p><img loading=\"lazy\" class=\"alignnone size-medium wp-image-2001\" src=\"https:\/\/www.cherka-company.ba\/wp-content\/uploads\/2022\/09\/ANATOMIC-HELP-LOGO-2-1-300x160.jpg\" alt=\"\" width=\"300\" height=\"160\" \/><\/p>\n","protected":false},"featured_media":2527,"template":"","meta":[],"product_cat":[65,90],"product_tag":[],"_links":{"self":[{"href":"https:\/\/www.cherka-company.ba\/index.php?rest_route=\/wp\/v2\/product\/2525"}],"collection":[{"href":"https:\/\/www.cherka-company.ba\/index.php?rest_route=\/wp\/v2\/product"}],"about":[{"href":"https:\/\/www.cherka-company.ba\/index.php?rest_route=\/wp\/v2\/types\/product"}],"version-history":[{"count":1,"href":"https:\/\/www.cherka-company.ba\/index.php?rest_route=\/wp\/v2\/product\/2525\/revisions"}],"predecessor-version":[{"id":2528,"href":"https:\/\/www.cherka-company.ba\/index.php?rest_route=\/wp\/v2\/product\/2525\/revisions\/2528"}],"wp:featuredmedia":[{"embeddable":true,"href":"https:\/\/www.cherka-company.ba\/index.php?rest_route=\/wp\/v2\/media\/2527"}],"wp:attachment":[{"href":"https:\/\/www.cherka-company.ba\/index.php?rest_route=%2Fwp%2Fv2%2Fmedia&parent=2525"}],"wp:term":[{"taxonomy":"product_cat","embeddable":true,"href":"https:\/\/www.cherka-company.ba\/index.php?rest_route=%2Fwp%2Fv2%2Fproduct_cat&post=2525"},{"taxonomy":"product_tag","embeddable":true,"href":"https:\/\/www.cherka-company.ba\/index.php?rest_route=%2Fwp%2Fv2%2Fproduct_tag&post=2525"}],"curies":[{"name":"wp","href":"https:\/\/api.w.org\/{rel}","templated":true}]}}