{"id":2502,"date":"2023-12-13T08:53:22","date_gmt":"2023-12-13T08:53:22","guid":{"rendered":"https:\/\/www.cherka-company.ba\/?post_type=product&#038;p=2502"},"modified":"2023-12-13T12:10:27","modified_gmt":"2023-12-13T12:10:27","slug":"kompresivni-rukav-do-zgloba-klasa-ii-1127","status":"publish","type":"product","link":"https:\/\/www.cherka-company.ba\/?product=kompresivni-rukav-do-zgloba-klasa-ii-1127","title":{"rendered":"Kompresivni rukav do zgloba, Klasa II &#8211; 1127"},"content":{"rendered":"","protected":false},"excerpt":{"rendered":"<h4 id=\"tw-target-text\" class=\"tw-data-text tw-text-large tw-ta\" dir=\"ltr\" data-placeholder=\"Prijevod\" data-ved=\"2ahUKEwiu6vjz9IuDAxXmwQIHHaxTAK4Q3ewLegQIBRAQ\">Rukav za postupnu kompresiju limfedema koja olak\u0161ava cirkulaciju krvi i uklanjanje limfedema iz tkiva. Istodobno poma\u017ee u pobolj\u0161anju rada limfnih \u017eila i limfnih \u010dvorova.<\/h4>\n<p>&nbsp;<\/p>\n<p><img loading=\"lazy\" class=\"alignnone size-medium wp-image-2001\" src=\"https:\/\/www.cherka-company.ba\/wp-content\/uploads\/2022\/09\/ANATOMIC-HELP-LOGO-2-1-300x160.jpg\" alt=\"\" width=\"300\" height=\"160\" \/><\/p>\n","protected":false},"featured_media":2503,"template":"","meta":[],"product_cat":[110],"product_tag":[],"_links":{"self":[{"href":"https:\/\/www.cherka-company.ba\/index.php?rest_route=\/wp\/v2\/product\/2502"}],"collection":[{"href":"https:\/\/www.cherka-company.ba\/index.php?rest_route=\/wp\/v2\/product"}],"about":[{"href":"https:\/\/www.cherka-company.ba\/index.php?rest_route=\/wp\/v2\/types\/product"}],"version-history":[{"count":1,"href":"https:\/\/www.cherka-company.ba\/index.php?rest_route=\/wp\/v2\/product\/2502\/revisions"}],"predecessor-version":[{"id":2504,"href":"https:\/\/www.cherka-company.ba\/index.php?rest_route=\/wp\/v2\/product\/2502\/revisions\/2504"}],"wp:featuredmedia":[{"embeddable":true,"href":"https:\/\/www.cherka-company.ba\/index.php?rest_route=\/wp\/v2\/media\/2503"}],"wp:attachment":[{"href":"https:\/\/www.cherka-company.ba\/index.php?rest_route=%2Fwp%2Fv2%2Fmedia&parent=2502"}],"wp:term":[{"taxonomy":"product_cat","embeddable":true,"href":"https:\/\/www.cherka-company.ba\/index.php?rest_route=%2Fwp%2Fv2%2Fproduct_cat&post=2502"},{"taxonomy":"product_tag","embeddable":true,"href":"https:\/\/www.cherka-company.ba\/index.php?rest_route=%2Fwp%2Fv2%2Fproduct_tag&post=2502"}],"curies":[{"name":"wp","href":"https:\/\/api.w.org\/{rel}","templated":true}]}}