{"id":2484,"date":"2023-12-13T08:08:49","date_gmt":"2023-12-13T08:08:49","guid":{"rendered":"https:\/\/www.cherka-company.ba\/?post_type=product&#038;p=2484"},"modified":"2023-12-13T08:14:10","modified_gmt":"2023-12-13T08:14:10","slug":"carape-za-vene-natkoljenice-1312bez-2312crne","status":"publish","type":"product","link":"https:\/\/www.cherka-company.ba\/?product=carape-za-vene-natkoljenice-1312bez-2312crne","title":{"rendered":"\u010carape za vene, natkoljenice KLASA I &#8211; 1312(be\u017e)-2312(crne)"},"content":{"rendered":"","protected":false},"excerpt":{"rendered":"<h4 id=\"tw-target-text\" class=\"tw-data-text tw-text-large tw-ta\" dir=\"ltr\" data-placeholder=\"Prijevod\" data-ved=\"2ahUKEwiu6vjz9IuDAxXmwQIHHaxTAK4Q3ewLegQIBRAQ\">Anatomic help \u010darape izra\u0111ene su od visokokvalitetnih materijala, be\u0161avne i u skladu s medicinskim potrebama. Anatomske pomo\u0107ne \u010darape zahvaljuju\u0107i pravilno stupnjevanoj kompresiji koja se ostvaruje, vi\u0161e pri dnu stopala koja se postupno smanjuje prema gore, poma\u017eu smanjiti preostali volumen krvi koji ostaje stagnirati na nogama i pobolj\u0161avaju njezinu cirkulaciju.<\/h4>\n<p>&nbsp;<\/p>\n<p><img loading=\"lazy\" class=\"alignnone size-medium wp-image-2001\" src=\"https:\/\/www.cherka-company.ba\/wp-content\/uploads\/2022\/09\/ANATOMIC-HELP-LOGO-2-1-300x160.jpg\" alt=\"\" width=\"300\" height=\"160\" \/><\/p>\n","protected":false},"featured_media":2485,"template":"","meta":[],"product_cat":[69,71],"product_tag":[],"_links":{"self":[{"href":"https:\/\/www.cherka-company.ba\/index.php?rest_route=\/wp\/v2\/product\/2484"}],"collection":[{"href":"https:\/\/www.cherka-company.ba\/index.php?rest_route=\/wp\/v2\/product"}],"about":[{"href":"https:\/\/www.cherka-company.ba\/index.php?rest_route=\/wp\/v2\/types\/product"}],"version-history":[{"count":2,"href":"https:\/\/www.cherka-company.ba\/index.php?rest_route=\/wp\/v2\/product\/2484\/revisions"}],"predecessor-version":[{"id":2489,"href":"https:\/\/www.cherka-company.ba\/index.php?rest_route=\/wp\/v2\/product\/2484\/revisions\/2489"}],"wp:featuredmedia":[{"embeddable":true,"href":"https:\/\/www.cherka-company.ba\/index.php?rest_route=\/wp\/v2\/media\/2485"}],"wp:attachment":[{"href":"https:\/\/www.cherka-company.ba\/index.php?rest_route=%2Fwp%2Fv2%2Fmedia&parent=2484"}],"wp:term":[{"taxonomy":"product_cat","embeddable":true,"href":"https:\/\/www.cherka-company.ba\/index.php?rest_route=%2Fwp%2Fv2%2Fproduct_cat&post=2484"},{"taxonomy":"product_tag","embeddable":true,"href":"https:\/\/www.cherka-company.ba\/index.php?rest_route=%2Fwp%2Fv2%2Fproduct_tag&post=2484"}],"curies":[{"name":"wp","href":"https:\/\/api.w.org\/{rel}","templated":true}]}}