{"id":2478,"date":"2023-12-13T08:00:40","date_gmt":"2023-12-13T08:00:40","guid":{"rendered":"https:\/\/www.cherka-company.ba\/?post_type=product&#038;p=2478"},"modified":"2023-12-13T08:06:59","modified_gmt":"2023-12-13T08:06:59","slug":"antiembolijske-carape-natkoljenice-1340","status":"publish","type":"product","link":"https:\/\/www.cherka-company.ba\/?product=antiembolijske-carape-natkoljenice-1340","title":{"rendered":"Antiembolijske \u010darape natkoljenice &#8211; 1340"},"content":{"rendered":"","protected":false},"excerpt":{"rendered":"<h4 id=\"tw-target-text\" class=\"tw-data-text tw-text-large tw-ta\" dir=\"ltr\" data-placeholder=\"Prijevod\" data-ved=\"2ahUKEwiu6vjz9IuDAxXmwQIHHaxTAK4Q3ewLegQIBRAQ\">Anatomic help \u010darape izra\u0111ene su od visokokvalitetnih materijala, be\u0161avne i prema medicinskim potrebama. Zahvaljuju\u0107i pravilno stupnjevanoj kompresiji koju vr\u0161e, koja je ve\u0107a na dnu stopala i postupno se smanjuje prema gore, poma\u017eu smanjiti volumen krvi koja je zapela u nogama i pobolj\u0161avaju cirkulaciju krvi.<\/h4>\n<p>&nbsp;<\/p>\n<p><img loading=\"lazy\" class=\"alignnone size-medium wp-image-2001\" src=\"https:\/\/www.cherka-company.ba\/wp-content\/uploads\/2022\/09\/ANATOMIC-HELP-LOGO-2-1-300x160.jpg\" alt=\"\" width=\"300\" height=\"160\" \/><\/p>\n","protected":false},"featured_media":2479,"template":"","meta":[],"product_cat":[69,71],"product_tag":[],"_links":{"self":[{"href":"https:\/\/www.cherka-company.ba\/index.php?rest_route=\/wp\/v2\/product\/2478"}],"collection":[{"href":"https:\/\/www.cherka-company.ba\/index.php?rest_route=\/wp\/v2\/product"}],"about":[{"href":"https:\/\/www.cherka-company.ba\/index.php?rest_route=\/wp\/v2\/types\/product"}],"version-history":[{"count":1,"href":"https:\/\/www.cherka-company.ba\/index.php?rest_route=\/wp\/v2\/product\/2478\/revisions"}],"predecessor-version":[{"id":2481,"href":"https:\/\/www.cherka-company.ba\/index.php?rest_route=\/wp\/v2\/product\/2478\/revisions\/2481"}],"wp:featuredmedia":[{"embeddable":true,"href":"https:\/\/www.cherka-company.ba\/index.php?rest_route=\/wp\/v2\/media\/2479"}],"wp:attachment":[{"href":"https:\/\/www.cherka-company.ba\/index.php?rest_route=%2Fwp%2Fv2%2Fmedia&parent=2478"}],"wp:term":[{"taxonomy":"product_cat","embeddable":true,"href":"https:\/\/www.cherka-company.ba\/index.php?rest_route=%2Fwp%2Fv2%2Fproduct_cat&post=2478"},{"taxonomy":"product_tag","embeddable":true,"href":"https:\/\/www.cherka-company.ba\/index.php?rest_route=%2Fwp%2Fv2%2Fproduct_tag&post=2478"}],"curies":[{"name":"wp","href":"https:\/\/api.w.org\/{rel}","templated":true}]}}