{"id":2458,"date":"2023-08-11T14:06:21","date_gmt":"2023-08-11T14:06:21","guid":{"rendered":"https:\/\/www.cherka-company.ba\/?post_type=product&#038;p=2458"},"modified":"2023-08-11T14:08:25","modified_gmt":"2023-08-11T14:08:25","slug":"silikonski-ulozak-za-petu-0751","status":"publish","type":"product","link":"https:\/\/www.cherka-company.ba\/?product=silikonski-ulozak-za-petu-0751","title":{"rendered":"Silikonski ulo\u017eak za petu 0751"},"content":{"rendered":"","protected":false},"excerpt":{"rendered":"<p>Izra\u0111ena od izdr\u017eljivog medicinskog silikona izvrsne kvalitete. Omogu\u0107uje ravnomjernu raspodjelu pritiska zahvaljuju\u0107i razli\u010ditoj gusto\u0107i silikona. Plavi silikon u sredini pete je mek\u0161i kako bi podupro petni trn. Ubla\u017eava bol i smanjuje pritisak na zglobove kralje\u017enice i Ahilove tetive. Pru\u017ea maksimalnu potporu peti i petnom trnu.<\/p>\n<p>&nbsp;<\/p>\n<p><img loading=\"lazy\" class=\"alignnone size-medium wp-image-2001\" src=\"https:\/\/www.cherka-company.ba\/wp-content\/uploads\/2022\/09\/ANATOMIC-HELP-LOGO-2-1-300x160.jpg\" alt=\"\" width=\"300\" height=\"160\" \/><\/p>\n","protected":false},"featured_media":2455,"template":"","meta":[],"product_cat":[65,113],"product_tag":[],"_links":{"self":[{"href":"https:\/\/www.cherka-company.ba\/index.php?rest_route=\/wp\/v2\/product\/2458"}],"collection":[{"href":"https:\/\/www.cherka-company.ba\/index.php?rest_route=\/wp\/v2\/product"}],"about":[{"href":"https:\/\/www.cherka-company.ba\/index.php?rest_route=\/wp\/v2\/types\/product"}],"version-history":[{"count":1,"href":"https:\/\/www.cherka-company.ba\/index.php?rest_route=\/wp\/v2\/product\/2458\/revisions"}],"predecessor-version":[{"id":2459,"href":"https:\/\/www.cherka-company.ba\/index.php?rest_route=\/wp\/v2\/product\/2458\/revisions\/2459"}],"wp:featuredmedia":[{"embeddable":true,"href":"https:\/\/www.cherka-company.ba\/index.php?rest_route=\/wp\/v2\/media\/2455"}],"wp:attachment":[{"href":"https:\/\/www.cherka-company.ba\/index.php?rest_route=%2Fwp%2Fv2%2Fmedia&parent=2458"}],"wp:term":[{"taxonomy":"product_cat","embeddable":true,"href":"https:\/\/www.cherka-company.ba\/index.php?rest_route=%2Fwp%2Fv2%2Fproduct_cat&post=2458"},{"taxonomy":"product_tag","embeddable":true,"href":"https:\/\/www.cherka-company.ba\/index.php?rest_route=%2Fwp%2Fv2%2Fproduct_tag&post=2458"}],"curies":[{"name":"wp","href":"https:\/\/api.w.org\/{rel}","templated":true}]}}