{"id":2453,"date":"2023-08-11T13:43:26","date_gmt":"2023-08-11T13:43:26","guid":{"rendered":"https:\/\/www.cherka-company.ba\/?post_type=product&#038;p=2453"},"modified":"2023-08-11T13:47:52","modified_gmt":"2023-08-11T13:47:52","slug":"silikonski-ulozak-za-cijelo-stopalo-0753","status":"publish","type":"product","link":"https:\/\/www.cherka-company.ba\/?product=silikonski-ulozak-za-cijelo-stopalo-0753","title":{"rendered":"Silikonski ulo\u017eak za cijelo stopalo 0753"},"content":{"rendered":"","protected":false},"excerpt":{"rendered":"<p>Izra\u0111ene od izdr\u017eljivog medicinskog silikona izvrsne kvalitete. Apsorbira pritisak i vibracije koje stvara tjelesna te\u017eina na taban, koljeno i gle\u017eanj. Omogu\u0107uje ravnomjernu raspodjelu pritiska zahvaljuju\u0107i razli\u010ditoj gusto\u0107i silikona. Plavi silikon (u metatarzusu i peti) je mek\u0161i kako bi bolje apsorbirao pritisak u tim dijelovima potplata. Perforirana povr\u0161ina osigurava nesmetan protok zraka i &#8220;disanje&#8221; stopala.<\/p>\n<p>&nbsp;<\/p>\n<p><img loading=\"lazy\" class=\"alignnone size-medium wp-image-2001\" src=\"https:\/\/www.cherka-company.ba\/wp-content\/uploads\/2022\/09\/ANATOMIC-HELP-LOGO-2-1-300x160.jpg\" alt=\"\" width=\"300\" height=\"160\" \/><\/p>\n","protected":false},"featured_media":2456,"template":"","meta":[],"product_cat":[65,113],"product_tag":[],"_links":{"self":[{"href":"https:\/\/www.cherka-company.ba\/index.php?rest_route=\/wp\/v2\/product\/2453"}],"collection":[{"href":"https:\/\/www.cherka-company.ba\/index.php?rest_route=\/wp\/v2\/product"}],"about":[{"href":"https:\/\/www.cherka-company.ba\/index.php?rest_route=\/wp\/v2\/types\/product"}],"version-history":[{"count":1,"href":"https:\/\/www.cherka-company.ba\/index.php?rest_route=\/wp\/v2\/product\/2453\/revisions"}],"predecessor-version":[{"id":2457,"href":"https:\/\/www.cherka-company.ba\/index.php?rest_route=\/wp\/v2\/product\/2453\/revisions\/2457"}],"wp:featuredmedia":[{"embeddable":true,"href":"https:\/\/www.cherka-company.ba\/index.php?rest_route=\/wp\/v2\/media\/2456"}],"wp:attachment":[{"href":"https:\/\/www.cherka-company.ba\/index.php?rest_route=%2Fwp%2Fv2%2Fmedia&parent=2453"}],"wp:term":[{"taxonomy":"product_cat","embeddable":true,"href":"https:\/\/www.cherka-company.ba\/index.php?rest_route=%2Fwp%2Fv2%2Fproduct_cat&post=2453"},{"taxonomy":"product_tag","embeddable":true,"href":"https:\/\/www.cherka-company.ba\/index.php?rest_route=%2Fwp%2Fv2%2Fproduct_tag&post=2453"}],"curies":[{"name":"wp","href":"https:\/\/api.w.org\/{rel}","templated":true}]}}