{"id":2412,"date":"2023-02-23T07:57:03","date_gmt":"2023-02-23T07:57:03","guid":{"rendered":"https:\/\/www.cherka-company.ba\/?post_type=product&#038;p=2412"},"modified":"2023-02-23T08:04:06","modified_gmt":"2023-02-23T08:04:06","slug":"gl36-imobilizacijska-ortoza-za-koljeno","status":"publish","type":"product","link":"https:\/\/www.cherka-company.ba\/?product=gl36-imobilizacijska-ortoza-za-koljeno","title":{"rendered":"GL36 imobilizacijska ortoza za koljeno"},"content":{"rendered":"","protected":false},"excerpt":{"rendered":"<ul>\n<li>Slu\u017ei za postoperativnu rehabilitaciju.<\/li>\n<li>Prevencija prednjih subluksacija tibije nakon ozljede ili nakon operacije.<\/li>\n<li>Ozljede koljena koje ne zahtijevaju operaciju.<\/li>\n<li>Totalna imobilizacija i kontrola fleksije i ekstenzije<\/li>\n<\/ul>\n<p>Mekana tkanina, iznutra kombinirana s pamu\u010dnim frotirom. Sanirano.<br \/>\nPodesivi zatvara\u010di na \u010di\u010dak. Pri\u010dvr\u0161\u0107ivanje traka omogu\u0107uje bolje pristajanje i prianjanje uz nogu. Dr\u0161ke od lake legure sa \u0161irokim i brzim pode\u0161avanjem.<\/p>\n<p><img loading=\"lazy\" class=\"alignnone size-full wp-image-2414\" src=\"https:\/\/www.cherka-company.ba\/wp-content\/uploads\/2023\/02\/logo-glo-lab-2.png\" alt=\"\" width=\"257\" height=\"178\" \/><\/p>\n","protected":false},"featured_media":2413,"template":"","meta":[],"product_cat":[92,65],"product_tag":[],"_links":{"self":[{"href":"https:\/\/www.cherka-company.ba\/index.php?rest_route=\/wp\/v2\/product\/2412"}],"collection":[{"href":"https:\/\/www.cherka-company.ba\/index.php?rest_route=\/wp\/v2\/product"}],"about":[{"href":"https:\/\/www.cherka-company.ba\/index.php?rest_route=\/wp\/v2\/types\/product"}],"version-history":[{"count":1,"href":"https:\/\/www.cherka-company.ba\/index.php?rest_route=\/wp\/v2\/product\/2412\/revisions"}],"predecessor-version":[{"id":2415,"href":"https:\/\/www.cherka-company.ba\/index.php?rest_route=\/wp\/v2\/product\/2412\/revisions\/2415"}],"wp:featuredmedia":[{"embeddable":true,"href":"https:\/\/www.cherka-company.ba\/index.php?rest_route=\/wp\/v2\/media\/2413"}],"wp:attachment":[{"href":"https:\/\/www.cherka-company.ba\/index.php?rest_route=%2Fwp%2Fv2%2Fmedia&parent=2412"}],"wp:term":[{"taxonomy":"product_cat","embeddable":true,"href":"https:\/\/www.cherka-company.ba\/index.php?rest_route=%2Fwp%2Fv2%2Fproduct_cat&post=2412"},{"taxonomy":"product_tag","embeddable":true,"href":"https:\/\/www.cherka-company.ba\/index.php?rest_route=%2Fwp%2Fv2%2Fproduct_tag&post=2412"}],"curies":[{"name":"wp","href":"https:\/\/api.w.org\/{rel}","templated":true}]}}