{"id":2402,"date":"2022-12-31T12:16:22","date_gmt":"2022-12-31T12:16:22","guid":{"rendered":"https:\/\/www.cherka-company.ba\/?post_type=product&#038;p=2402"},"modified":"2022-12-31T12:19:51","modified_gmt":"2022-12-31T12:19:51","slug":"cijevcice-za-kisik","status":"publish","type":"product","link":"https:\/\/www.cherka-company.ba\/?product=cijevcice-za-kisik","title":{"rendered":"Cijev\u010dice za kisik"},"content":{"rendered":"<p>ure\u0111aj dizajniran kao produ\u017ena linija za isporuku kisika<br \/>\nzahtijeva povezivanje s drugim medicinskim ure\u0111ajem za isporuku kisika izravno pacijentu<\/p>\n","protected":false},"excerpt":{"rendered":"<ul>\n<li>od prozirnog, netoksi\u010dnog PVC-a<\/li>\n<li>cijevi sa zvjezdastim presjekom koji je otporan na savijanje<\/li>\n<li>trake za poja\u010danje du\u017e cijele du\u017eine odvoda jam\u010de stalan protok plina\/zraka<\/li>\n<li>sto\u017easti dizajn konektora omogu\u0107uje prilagodbu odvoda svakom izvoru plina<\/li>\n<li>konektori visoke plasti\u010dnosti i deformacijskih svojstava lako se postavljaju na dr\u0161ke plinskih raspr\u0161iva\u010da ili inhalatora, spoj je izdr\u017eljiv bez mogu\u0107nosti slu\u010dajnog odspajanja<\/li>\n<li>Jednokratna uporaba<\/li>\n<li>bez lateksa<\/li>\n<li>EO sterilizirano<\/li>\n<li>pojedina\u010dno pakiranje: papirna folija ili vre\u0107ica od folije<\/li>\n<li><img loading=\"lazy\" class=\"alignnone size-full wp-image-2397\" src=\"https:\/\/www.cherka-company.ba\/wp-content\/uploads\/2022\/12\/zarys.png\" alt=\"\" width=\"250\" height=\"277\" \/><\/li>\n<\/ul>\n","protected":false},"featured_media":2403,"template":"","meta":[],"product_cat":[106],"product_tag":[],"_links":{"self":[{"href":"https:\/\/www.cherka-company.ba\/index.php?rest_route=\/wp\/v2\/product\/2402"}],"collection":[{"href":"https:\/\/www.cherka-company.ba\/index.php?rest_route=\/wp\/v2\/product"}],"about":[{"href":"https:\/\/www.cherka-company.ba\/index.php?rest_route=\/wp\/v2\/types\/product"}],"version-history":[{"count":1,"href":"https:\/\/www.cherka-company.ba\/index.php?rest_route=\/wp\/v2\/product\/2402\/revisions"}],"predecessor-version":[{"id":2404,"href":"https:\/\/www.cherka-company.ba\/index.php?rest_route=\/wp\/v2\/product\/2402\/revisions\/2404"}],"wp:featuredmedia":[{"embeddable":true,"href":"https:\/\/www.cherka-company.ba\/index.php?rest_route=\/wp\/v2\/media\/2403"}],"wp:attachment":[{"href":"https:\/\/www.cherka-company.ba\/index.php?rest_route=%2Fwp%2Fv2%2Fmedia&parent=2402"}],"wp:term":[{"taxonomy":"product_cat","embeddable":true,"href":"https:\/\/www.cherka-company.ba\/index.php?rest_route=%2Fwp%2Fv2%2Fproduct_cat&post=2402"},{"taxonomy":"product_tag","embeddable":true,"href":"https:\/\/www.cherka-company.ba\/index.php?rest_route=%2Fwp%2Fv2%2Fproduct_tag&post=2402"}],"curies":[{"name":"wp","href":"https:\/\/api.w.org\/{rel}","templated":true}]}}