{"id":2395,"date":"2022-12-31T12:05:15","date_gmt":"2022-12-31T12:05:15","guid":{"rendered":"https:\/\/www.cherka-company.ba\/?post_type=product&#038;p=2395"},"modified":"2022-12-31T12:11:56","modified_gmt":"2022-12-31T12:11:56","slug":"maska-za-kisik-sa-crijevom","status":"publish","type":"product","link":"https:\/\/www.cherka-company.ba\/?product=maska-za-kisik-sa-crijevom","title":{"rendered":"Maska za kisik sa crijevom"},"content":{"rendered":"<p>Doprema kisika uz preciznu regulaciju koncentracije<\/p>\n","protected":false},"excerpt":{"rendered":"<ul>\n<li>od prozirnog, netoksi\u010dnog PVC-a<\/li>\n<li>bez lateksa<\/li>\n<li>podesiva nosna metalna plo\u010da i gumeni zatvara\u010d<br \/>\nopremljen 210 cm (+\/- 5 %) dugom cijevi s univerzalnim spojnicama<\/li>\n<li>cijev zvjezdastog presjeka otporna na savijanje<\/li>\n<li>okretni priklju\u010dak koji omogu\u0107uje prilagodbu polo\u017eaju pacijenta<\/li>\n<li>jednokratna uporaba<\/li>\n<li>EO-sterilizirano<\/li>\n<li>pojedina\u010dno pakiranje: papir-folija<\/li>\n<\/ul>\n<p><img loading=\"lazy\" class=\"alignnone size-full wp-image-2397\" src=\"https:\/\/www.cherka-company.ba\/wp-content\/uploads\/2022\/12\/zarys.png\" alt=\"\" width=\"250\" height=\"277\" \/><\/p>\n","protected":false},"featured_media":2396,"template":"","meta":[],"product_cat":[106],"product_tag":[],"_links":{"self":[{"href":"https:\/\/www.cherka-company.ba\/index.php?rest_route=\/wp\/v2\/product\/2395"}],"collection":[{"href":"https:\/\/www.cherka-company.ba\/index.php?rest_route=\/wp\/v2\/product"}],"about":[{"href":"https:\/\/www.cherka-company.ba\/index.php?rest_route=\/wp\/v2\/types\/product"}],"version-history":[{"count":1,"href":"https:\/\/www.cherka-company.ba\/index.php?rest_route=\/wp\/v2\/product\/2395\/revisions"}],"predecessor-version":[{"id":2398,"href":"https:\/\/www.cherka-company.ba\/index.php?rest_route=\/wp\/v2\/product\/2395\/revisions\/2398"}],"wp:featuredmedia":[{"embeddable":true,"href":"https:\/\/www.cherka-company.ba\/index.php?rest_route=\/wp\/v2\/media\/2396"}],"wp:attachment":[{"href":"https:\/\/www.cherka-company.ba\/index.php?rest_route=%2Fwp%2Fv2%2Fmedia&parent=2395"}],"wp:term":[{"taxonomy":"product_cat","embeddable":true,"href":"https:\/\/www.cherka-company.ba\/index.php?rest_route=%2Fwp%2Fv2%2Fproduct_cat&post=2395"},{"taxonomy":"product_tag","embeddable":true,"href":"https:\/\/www.cherka-company.ba\/index.php?rest_route=%2Fwp%2Fv2%2Fproduct_tag&post=2395"}],"curies":[{"name":"wp","href":"https:\/\/api.w.org\/{rel}","templated":true}]}}