{"id":2361,"date":"2022-10-17T06:38:37","date_gmt":"2022-10-17T06:38:37","guid":{"rendered":"https:\/\/www.cherka-company.ba\/?post_type=product&#038;p=2361"},"modified":"2022-10-17T06:47:52","modified_gmt":"2022-10-17T06:47:52","slug":"elastopor-flasteri","status":"publish","type":"product","link":"https:\/\/www.cherka-company.ba\/?product=elastopor-flasteri","title":{"rendered":"Elastopor flasteri"},"content":{"rendered":"","protected":false},"excerpt":{"rendered":"<ul>\n<li>stabilizacija, za\u0161tita i fiksacija neljepljivih primarnih zavoja koji se stavljaju izravno na rane ili ozlije\u0111enu ko\u017eu<\/li>\n<li>stabilizacija, za\u0161tita i fiksacija drenova, kanila i medicinskih cjev\u010dica<\/li>\n<li>od hidrofobnog netkanog materijala<\/li>\n<li>prekriven hipoalergenim akrilnim ljepilom<\/li>\n<li>mikropore u strukturi netkanog materijala osiguravaju odgovaraju\u0107u stopu propusnosti pare\/vlage tako da je zajam\u010dena ispravna izmjena plinova izme\u0111u obloge i ko\u017ee<\/li>\n<li>elasti\u010dan &#8211; udoban za pacijenta, prilago\u0111ava se obliku tijela i jam\u010di slobodu kretanja<\/li>\n<li>silikonska papirna podloga s otisnutom metri\u010dkom skalom koja olak\u0161ava rezanje trake i precizno, bezbolno i u\u010dinkovito nano\u0161enje<\/li>\n<li>ravno sjeci\u0161te papirne podloge<\/li>\n<li>kutija za doziranje omogu\u0107uje kori\u0161tenje trake bez va\u0111enja<\/li>\n<li>hipoalergenski<\/li>\n<li>nesterilan<\/li>\n<\/ul>\n<p><img loading=\"lazy\" class=\"alignnone size-full wp-image-2109\" src=\"https:\/\/www.cherka-company.ba\/wp-content\/uploads\/2022\/09\/zarys.png\" alt=\"\" width=\"250\" height=\"277\" \/><\/p>\n","protected":false},"featured_media":2362,"template":"","meta":[],"product_cat":[76,88],"product_tag":[],"_links":{"self":[{"href":"https:\/\/www.cherka-company.ba\/index.php?rest_route=\/wp\/v2\/product\/2361"}],"collection":[{"href":"https:\/\/www.cherka-company.ba\/index.php?rest_route=\/wp\/v2\/product"}],"about":[{"href":"https:\/\/www.cherka-company.ba\/index.php?rest_route=\/wp\/v2\/types\/product"}],"version-history":[{"count":1,"href":"https:\/\/www.cherka-company.ba\/index.php?rest_route=\/wp\/v2\/product\/2361\/revisions"}],"predecessor-version":[{"id":2363,"href":"https:\/\/www.cherka-company.ba\/index.php?rest_route=\/wp\/v2\/product\/2361\/revisions\/2363"}],"wp:featuredmedia":[{"embeddable":true,"href":"https:\/\/www.cherka-company.ba\/index.php?rest_route=\/wp\/v2\/media\/2362"}],"wp:attachment":[{"href":"https:\/\/www.cherka-company.ba\/index.php?rest_route=%2Fwp%2Fv2%2Fmedia&parent=2361"}],"wp:term":[{"taxonomy":"product_cat","embeddable":true,"href":"https:\/\/www.cherka-company.ba\/index.php?rest_route=%2Fwp%2Fv2%2Fproduct_cat&post=2361"},{"taxonomy":"product_tag","embeddable":true,"href":"https:\/\/www.cherka-company.ba\/index.php?rest_route=%2Fwp%2Fv2%2Fproduct_tag&post=2361"}],"curies":[{"name":"wp","href":"https:\/\/api.w.org\/{rel}","templated":true}]}}