{"id":2348,"date":"2022-10-01T17:40:55","date_gmt":"2022-10-01T17:40:55","guid":{"rendered":"https:\/\/www.cherka-company.ba\/?post_type=product&#038;p=2348"},"modified":"2022-10-01T17:57:16","modified_gmt":"2022-10-01T17:57:16","slug":"steznik-twin-shaper-1785","status":"publish","type":"product","link":"https:\/\/www.cherka-company.ba\/?product=steznik-twin-shaper-1785","title":{"rendered":"Steznik TWIN SHAPER &#8211; 1785"},"content":{"rendered":"","protected":false},"excerpt":{"rendered":"<p>Za zadivljuju\u0107u siluetu! Steznik 1785 iz serije Twin podupire podru\u010dje trbuha i struka zahvaljuju\u0107i dvoslojnom prednjem dijelu. Osim toga, donji dio je oblikovan i u\u010dvr\u0161\u0107en bez vidljivih \u0161avova &#8211; za dodatni WOW efekt.<\/p>\n<p>&nbsp;<\/p>\n<p><img loading=\"lazy\" class=\"alignnone size-medium wp-image-2281\" src=\"https:\/\/www.cherka-company.ba\/wp-content\/uploads\/2022\/09\/1985-300x300.png\" alt=\"\" width=\"300\" height=\"300\" \/><\/p>\n<p>&nbsp;<\/p>\n","protected":false},"featured_media":2351,"template":"","meta":[],"product_cat":[67,111],"product_tag":[],"_links":{"self":[{"href":"https:\/\/www.cherka-company.ba\/index.php?rest_route=\/wp\/v2\/product\/2348"}],"collection":[{"href":"https:\/\/www.cherka-company.ba\/index.php?rest_route=\/wp\/v2\/product"}],"about":[{"href":"https:\/\/www.cherka-company.ba\/index.php?rest_route=\/wp\/v2\/types\/product"}],"version-history":[{"count":1,"href":"https:\/\/www.cherka-company.ba\/index.php?rest_route=\/wp\/v2\/product\/2348\/revisions"}],"predecessor-version":[{"id":2353,"href":"https:\/\/www.cherka-company.ba\/index.php?rest_route=\/wp\/v2\/product\/2348\/revisions\/2353"}],"wp:featuredmedia":[{"embeddable":true,"href":"https:\/\/www.cherka-company.ba\/index.php?rest_route=\/wp\/v2\/media\/2351"}],"wp:attachment":[{"href":"https:\/\/www.cherka-company.ba\/index.php?rest_route=%2Fwp%2Fv2%2Fmedia&parent=2348"}],"wp:term":[{"taxonomy":"product_cat","embeddable":true,"href":"https:\/\/www.cherka-company.ba\/index.php?rest_route=%2Fwp%2Fv2%2Fproduct_cat&post=2348"},{"taxonomy":"product_tag","embeddable":true,"href":"https:\/\/www.cherka-company.ba\/index.php?rest_route=%2Fwp%2Fv2%2Fproduct_tag&post=2348"}],"curies":[{"name":"wp","href":"https:\/\/api.w.org\/{rel}","templated":true}]}}