{"id":2344,"date":"2022-10-01T17:31:55","date_gmt":"2022-10-01T17:31:55","guid":{"rendered":"https:\/\/www.cherka-company.ba\/?post_type=product&#038;p=2344"},"modified":"2022-10-01T17:39:58","modified_gmt":"2022-10-01T17:39:58","slug":"steznik-za-abdomen-2088","status":"publish","type":"product","link":"https:\/\/www.cherka-company.ba\/?product=steznik-za-abdomen-2088","title":{"rendered":"Steznik za abdomen &#8211; 2088"},"content":{"rendered":"","protected":false},"excerpt":{"rendered":"<p>Ovaj steznik pru\u017ea nevjerojatnu potporu u\u010dvr\u0161\u0107ivanju. Nudi korekciju kralje\u017enice i poma\u017ee kod problema s i\u0161ijasom i iskliznu\u0107em diska. Pamu\u010dna tkanina osigurava udobnost cijeli dan s svojstvom prozra\u010dnosti i \u010di\u010dak kop\u010dom za jednostavno skidanje i obla\u010denje.<\/p>\n<ul>\n<li>Potpora za u\u010dvr\u0161\u0107ivanje abdomena<\/li>\n<li>Poti\u010de trbuh da povrati svoj prija\u0161nji oblik nakon poroda.<\/li>\n<li>Ispravljanje kralje\u017enice<\/li>\n<li>Poma\u017ee kod problema s i\u0161ijasom<\/li>\n<li>Za klizne diskove<\/li>\n<li>Mekana pamu\u010dna tkanina<\/li>\n<li>Velcro kop\u010da<\/li>\n<li>Prozra\u010dan<\/li>\n<li>Sastav: 40% pamuk | 5% elastin | 40% najlon | 5% poliester | 10% viskoza<\/li>\n<\/ul>\n<p><img loading=\"lazy\" class=\"alignnone size-medium wp-image-2281\" src=\"https:\/\/www.cherka-company.ba\/wp-content\/uploads\/2022\/09\/1985-300x300.png\" alt=\"\" width=\"300\" height=\"300\" \/><\/p>\n<p>&nbsp;<\/p>\n","protected":false},"featured_media":2345,"template":"","meta":[],"product_cat":[67,111],"product_tag":[],"_links":{"self":[{"href":"https:\/\/www.cherka-company.ba\/index.php?rest_route=\/wp\/v2\/product\/2344"}],"collection":[{"href":"https:\/\/www.cherka-company.ba\/index.php?rest_route=\/wp\/v2\/product"}],"about":[{"href":"https:\/\/www.cherka-company.ba\/index.php?rest_route=\/wp\/v2\/types\/product"}],"version-history":[{"count":2,"href":"https:\/\/www.cherka-company.ba\/index.php?rest_route=\/wp\/v2\/product\/2344\/revisions"}],"predecessor-version":[{"id":2347,"href":"https:\/\/www.cherka-company.ba\/index.php?rest_route=\/wp\/v2\/product\/2344\/revisions\/2347"}],"wp:featuredmedia":[{"embeddable":true,"href":"https:\/\/www.cherka-company.ba\/index.php?rest_route=\/wp\/v2\/media\/2345"}],"wp:attachment":[{"href":"https:\/\/www.cherka-company.ba\/index.php?rest_route=%2Fwp%2Fv2%2Fmedia&parent=2344"}],"wp:term":[{"taxonomy":"product_cat","embeddable":true,"href":"https:\/\/www.cherka-company.ba\/index.php?rest_route=%2Fwp%2Fv2%2Fproduct_cat&post=2344"},{"taxonomy":"product_tag","embeddable":true,"href":"https:\/\/www.cherka-company.ba\/index.php?rest_route=%2Fwp%2Fv2%2Fproduct_tag&post=2344"}],"curies":[{"name":"wp","href":"https:\/\/api.w.org\/{rel}","templated":true}]}}