{"id":2333,"date":"2022-10-01T17:12:21","date_gmt":"2022-10-01T17:12:21","guid":{"rendered":"https:\/\/www.cherka-company.ba\/?post_type=product&#038;p=2333"},"modified":"2022-10-01T17:20:11","modified_gmt":"2022-10-01T17:20:11","slug":"rukav-za-limfedem-1114","status":"publish","type":"product","link":"https:\/\/www.cherka-company.ba\/?product=rukav-za-limfedem-1114","title":{"rendered":"Rukav za limfedem &#8211; 1114"},"content":{"rendered":"","protected":false},"excerpt":{"rendered":"<p>Anita vam pru\u017ea njegu nakon operacije sa svojim visoko tehni\u010dkim kompresijskim dijelovima. Rukav Lymph O Fit\u00a0 dizajniran je od specijalizirane tkanine koja masira ko\u017eu i sprje\u010dava nakupljanje teku\u0107ine u tijelu. Slu\u017ei kao prevencija slobodnog kretanja limfe i oteka ruku.<\/p>\n<p>&#8211; Postoperacijska njega<br \/>\n&#8211; Tehni\u010dki materijali i dizajn<br \/>\n&#8211; Rukav pune du\u017eine<br \/>\n&#8211; Za blagi limfedem u ruci<br \/>\n&#8211; Sastav: Mije\u0161ana tkanina<\/p>\n<p><img loading=\"lazy\" class=\"alignnone size-medium wp-image-2281\" src=\"https:\/\/www.cherka-company.ba\/wp-content\/uploads\/2022\/09\/1985-300x300.png\" alt=\"\" width=\"300\" height=\"300\" \/><\/p>\n<p>&nbsp;<\/p>\n","protected":false},"featured_media":2334,"template":"","meta":[],"product_cat":[67,110],"product_tag":[],"_links":{"self":[{"href":"https:\/\/www.cherka-company.ba\/index.php?rest_route=\/wp\/v2\/product\/2333"}],"collection":[{"href":"https:\/\/www.cherka-company.ba\/index.php?rest_route=\/wp\/v2\/product"}],"about":[{"href":"https:\/\/www.cherka-company.ba\/index.php?rest_route=\/wp\/v2\/types\/product"}],"version-history":[{"count":1,"href":"https:\/\/www.cherka-company.ba\/index.php?rest_route=\/wp\/v2\/product\/2333\/revisions"}],"predecessor-version":[{"id":2338,"href":"https:\/\/www.cherka-company.ba\/index.php?rest_route=\/wp\/v2\/product\/2333\/revisions\/2338"}],"wp:featuredmedia":[{"embeddable":true,"href":"https:\/\/www.cherka-company.ba\/index.php?rest_route=\/wp\/v2\/media\/2334"}],"wp:attachment":[{"href":"https:\/\/www.cherka-company.ba\/index.php?rest_route=%2Fwp%2Fv2%2Fmedia&parent=2333"}],"wp:term":[{"taxonomy":"product_cat","embeddable":true,"href":"https:\/\/www.cherka-company.ba\/index.php?rest_route=%2Fwp%2Fv2%2Fproduct_cat&post=2333"},{"taxonomy":"product_tag","embeddable":true,"href":"https:\/\/www.cherka-company.ba\/index.php?rest_route=%2Fwp%2Fv2%2Fproduct_tag&post=2333"}],"curies":[{"name":"wp","href":"https:\/\/api.w.org\/{rel}","templated":true}]}}