{"id":2326,"date":"2022-10-01T16:55:35","date_gmt":"2022-10-01T16:55:35","guid":{"rendered":"https:\/\/www.cherka-company.ba\/?post_type=product&#038;p=2326"},"modified":"2022-10-01T17:03:57","modified_gmt":"2022-10-01T17:03:57","slug":"grudnjak-za-protezu-robina-5792x","status":"publish","type":"product","link":"https:\/\/www.cherka-company.ba\/?product=grudnjak-za-protezu-robina-5792x","title":{"rendered":"Grudnjak za protezu &#8211; ROBINA 5792X"},"content":{"rendered":"","protected":false},"excerpt":{"rendered":"<p>Ostvarite savr\u0161enu udobnost s ovim grudnjakom nakon mastektomije iz Anitine kolekcije Robina. S trodijlnom ko\u0161aricom koje dodaju podr\u0161ku dizajnu bez \u017eica, s d\u017eepovima za proteze izra\u0111enim od pamuka za dodatnu udobnost. Ostvarite savr\u0161eno pristajanje zahvaljuju\u0107i podesivim naramenicama, a u kombinaciji s kukicom i kop\u010dom\u00a0 stvarate savr\u0161en cjelodnevni udoban grudnjak. Elegantno reljefni otisak cvjetnih vitica grudnjaku dodaje \u017eenstvenu notu, zavr\u0161enu nje\u017enom ma\u0161nom u sredini.<\/p>\n<p>&#8211; Ko\u0161arica sastavljena iz tri dijela<br \/>\n&#8211; Bez \u017eica<br \/>\n&#8211; D\u017eepovi za proteze<br \/>\n&#8211; Podesive naramenice<br \/>\n&#8211; Zatvaranje na kuku i kop\u010du<br \/>\n&#8211; Elegantno reljefni print<br \/>\n&#8211; Nje\u017ena ma\u0161na<br \/>\n&#8211; Sastav: 50% poliester | 27% pamuk | 21% najlon | 2% elastina<\/p>\n<p><img loading=\"lazy\" class=\"alignnone size-medium wp-image-2281\" src=\"https:\/\/www.cherka-company.ba\/wp-content\/uploads\/2022\/09\/1985-300x300.png\" alt=\"\" width=\"300\" height=\"300\" \/><\/p>\n<p>&nbsp;<\/p>\n","protected":false},"featured_media":2327,"template":"","meta":[],"product_cat":[67,109],"product_tag":[],"_links":{"self":[{"href":"https:\/\/www.cherka-company.ba\/index.php?rest_route=\/wp\/v2\/product\/2326"}],"collection":[{"href":"https:\/\/www.cherka-company.ba\/index.php?rest_route=\/wp\/v2\/product"}],"about":[{"href":"https:\/\/www.cherka-company.ba\/index.php?rest_route=\/wp\/v2\/types\/product"}],"version-history":[{"count":1,"href":"https:\/\/www.cherka-company.ba\/index.php?rest_route=\/wp\/v2\/product\/2326\/revisions"}],"predecessor-version":[{"id":2330,"href":"https:\/\/www.cherka-company.ba\/index.php?rest_route=\/wp\/v2\/product\/2326\/revisions\/2330"}],"wp:featuredmedia":[{"embeddable":true,"href":"https:\/\/www.cherka-company.ba\/index.php?rest_route=\/wp\/v2\/media\/2327"}],"wp:attachment":[{"href":"https:\/\/www.cherka-company.ba\/index.php?rest_route=%2Fwp%2Fv2%2Fmedia&parent=2326"}],"wp:term":[{"taxonomy":"product_cat","embeddable":true,"href":"https:\/\/www.cherka-company.ba\/index.php?rest_route=%2Fwp%2Fv2%2Fproduct_cat&post=2326"},{"taxonomy":"product_tag","embeddable":true,"href":"https:\/\/www.cherka-company.ba\/index.php?rest_route=%2Fwp%2Fv2%2Fproduct_tag&post=2326"}],"curies":[{"name":"wp","href":"https:\/\/api.w.org\/{rel}","templated":true}]}}