{"id":2316,"date":"2022-09-24T12:28:10","date_gmt":"2022-09-24T12:28:10","guid":{"rendered":"https:\/\/www.cherka-company.ba\/?post_type=product&#038;p=2316"},"modified":"2022-10-01T17:04:14","modified_gmt":"2022-10-01T17:04:14","slug":"grudnjak-za-protezu-tonya-5706x","status":"publish","type":"product","link":"https:\/\/www.cherka-company.ba\/?product=grudnjak-za-protezu-tonya-5706x","title":{"rendered":"Grudnjak za protezu &#8211; TONYA 5706X"},"content":{"rendered":"","protected":false},"excerpt":{"rendered":"<p>Ovaj skriveni grudnjak za mastektomiju savr\u0161en je grudnjak za majicu! Pripijena pjenasta ko\u0161arica razvijena isklju\u010divo za Anitu ima u\u010dinak prikrivanja, pru\u017ea savr\u0161enu potporu i ne vidi se ispod uskih odjevnih predmeta. Oba d\u017eepa u obliku grudi s obje strane TONYA mekanog grudnjaka izra\u0111ena su od laganog, prozra\u010dnog i finog materijala til. Tanke naramenice podstavljene su vlaknima i pru\u017eaju ugodnu udobnost.<\/p>\n<p><img loading=\"lazy\" class=\"alignnone size-medium wp-image-2281\" src=\"https:\/\/www.cherka-company.ba\/wp-content\/uploads\/2022\/09\/1985-300x300.png\" alt=\"\" width=\"300\" height=\"300\" \/><\/p>\n<p>&nbsp;<\/p>\n","protected":false},"featured_media":2318,"template":"","meta":[],"product_cat":[67,109],"product_tag":[],"_links":{"self":[{"href":"https:\/\/www.cherka-company.ba\/index.php?rest_route=\/wp\/v2\/product\/2316"}],"collection":[{"href":"https:\/\/www.cherka-company.ba\/index.php?rest_route=\/wp\/v2\/product"}],"about":[{"href":"https:\/\/www.cherka-company.ba\/index.php?rest_route=\/wp\/v2\/types\/product"}],"version-history":[{"count":1,"href":"https:\/\/www.cherka-company.ba\/index.php?rest_route=\/wp\/v2\/product\/2316\/revisions"}],"predecessor-version":[{"id":2320,"href":"https:\/\/www.cherka-company.ba\/index.php?rest_route=\/wp\/v2\/product\/2316\/revisions\/2320"}],"wp:featuredmedia":[{"embeddable":true,"href":"https:\/\/www.cherka-company.ba\/index.php?rest_route=\/wp\/v2\/media\/2318"}],"wp:attachment":[{"href":"https:\/\/www.cherka-company.ba\/index.php?rest_route=%2Fwp%2Fv2%2Fmedia&parent=2316"}],"wp:term":[{"taxonomy":"product_cat","embeddable":true,"href":"https:\/\/www.cherka-company.ba\/index.php?rest_route=%2Fwp%2Fv2%2Fproduct_cat&post=2316"},{"taxonomy":"product_tag","embeddable":true,"href":"https:\/\/www.cherka-company.ba\/index.php?rest_route=%2Fwp%2Fv2%2Fproduct_tag&post=2316"}],"curies":[{"name":"wp","href":"https:\/\/api.w.org\/{rel}","templated":true}]}}