{"id":2310,"date":"2022-09-24T12:23:44","date_gmt":"2022-09-24T12:23:44","guid":{"rendered":"https:\/\/www.cherka-company.ba\/?post_type=product&#038;p=2310"},"modified":"2022-10-01T17:04:28","modified_gmt":"2022-10-01T17:04:28","slug":"grudnjak-za-protezu-safina-5349x","status":"publish","type":"product","link":"https:\/\/www.cherka-company.ba\/?product=grudnjak-za-protezu-safina-5349x","title":{"rendered":"Grudnjak za protezu &#8211; SAFINA 5349X"},"content":{"rendered":"","protected":false},"excerpt":{"rendered":"<p>Anita Safina 5349X mekani grudnjak za njegu nakon mastektomije &#8211; Ovaj potporni grudnjak za njegu ima \u0161iroke, podstavljene naramenice koje ugodno ubla\u017eavaju napor na ramenima, le\u0111ima i vratu. Prozirni vez na dekolteu nastavlja se i podstavljen je neprozirnom tkaninom na vrhu ko\u0161arice. Prozirni vez s neprozirnom postavom na vrhu ko\u0161arice. Anatomski oblikovana traka ispod grudi sprje\u010dava pritisak na trbuh. Podesivi ultra-ravni remeni za pode\u0161avanje bez nikla koji se \u0161ire s pove\u0107anjem veli\u010dine. Stra\u017enja kop\u010da u 3 polo\u017eaja<\/p>\n<p><img loading=\"lazy\" class=\"alignnone size-medium wp-image-2281\" src=\"https:\/\/www.cherka-company.ba\/wp-content\/uploads\/2022\/09\/1985-300x300.png\" alt=\"\" width=\"300\" height=\"300\" \/><\/p>\n<p>&nbsp;<\/p>\n","protected":false},"featured_media":2313,"template":"","meta":[],"product_cat":[67,109],"product_tag":[],"_links":{"self":[{"href":"https:\/\/www.cherka-company.ba\/index.php?rest_route=\/wp\/v2\/product\/2310"}],"collection":[{"href":"https:\/\/www.cherka-company.ba\/index.php?rest_route=\/wp\/v2\/product"}],"about":[{"href":"https:\/\/www.cherka-company.ba\/index.php?rest_route=\/wp\/v2\/types\/product"}],"version-history":[{"count":1,"href":"https:\/\/www.cherka-company.ba\/index.php?rest_route=\/wp\/v2\/product\/2310\/revisions"}],"predecessor-version":[{"id":2314,"href":"https:\/\/www.cherka-company.ba\/index.php?rest_route=\/wp\/v2\/product\/2310\/revisions\/2314"}],"wp:featuredmedia":[{"embeddable":true,"href":"https:\/\/www.cherka-company.ba\/index.php?rest_route=\/wp\/v2\/media\/2313"}],"wp:attachment":[{"href":"https:\/\/www.cherka-company.ba\/index.php?rest_route=%2Fwp%2Fv2%2Fmedia&parent=2310"}],"wp:term":[{"taxonomy":"product_cat","embeddable":true,"href":"https:\/\/www.cherka-company.ba\/index.php?rest_route=%2Fwp%2Fv2%2Fproduct_cat&post=2310"},{"taxonomy":"product_tag","embeddable":true,"href":"https:\/\/www.cherka-company.ba\/index.php?rest_route=%2Fwp%2Fv2%2Fproduct_tag&post=2310"}],"curies":[{"name":"wp","href":"https:\/\/api.w.org\/{rel}","templated":true}]}}