{"id":2291,"date":"2022-09-22T14:30:51","date_gmt":"2022-09-22T14:30:51","guid":{"rendered":"https:\/\/www.cherka-company.ba\/?post_type=product&#038;p=2291"},"modified":"2022-09-22T14:34:17","modified_gmt":"2022-09-22T14:34:17","slug":"silikonska-proteza-1081-l-r","status":"publish","type":"product","link":"https:\/\/www.cherka-company.ba\/?product=silikonska-proteza-1081-l-r","title":{"rendered":"Silikonska proteza &#8211; 1081 L\/R"},"content":{"rendered":"<p>Na\u0161e proteze Anita care Light &amp; Soft mekane su i prirodne. \u017dene koje su operirale dojke mogu birati izme\u0111u \u201eLight\u201c i \u201eSuper light\u201c. Unato\u010d smanjenoj te\u017eini, proteza se i dalje\u00a0 kre\u0107e poput prirodne dojke.<\/p>\n<p>Lagane i mekane proteze osiguravaju slobodu kretanja, izvrsno pristajanje, tako\u0111er i preko neravnog o\u017eiljnog tkiva, te prirodan oblik ko\u0161arice. Tanki rub posebno dobro prikriva prijelaz proteze na ko\u017eu. Tako\u0111er dobar izbor za aktivne \u017eene.<\/p>\n","protected":false},"excerpt":{"rendered":"<ul>\n<li><strong>SoftLite silikonske proteze sa ili bez preklopa za slobodu kretanja<\/strong><\/li>\n<li><strong>Jedinstvena tehnologija s patentiranim preklopom Flex-Gap: za prirodno kretanje i oblikovanje u le\u017ee\u0107em polo\u017eaju, ba\u0161 kao i prirodna dojka<\/strong><\/li>\n<li><strong>&#8220;Light&#8221; i &#8220;Superlight&#8221; &#8211; Light &amp; Soft proteze su do 42% lak\u0161i od proteze koja bi omogu\u0107ila punu kompenzaciju te\u017eine<\/strong><\/li>\n<\/ul>\n<p><img loading=\"lazy\" class=\"alignnone size-medium wp-image-2281\" src=\"https:\/\/www.cherka-company.ba\/wp-content\/uploads\/2022\/09\/1985-300x300.png\" alt=\"\" width=\"300\" height=\"300\" \/><\/p>\n<p>&nbsp;<\/p>\n","protected":false},"featured_media":2292,"template":"","meta":[],"product_cat":[67,108],"product_tag":[],"_links":{"self":[{"href":"https:\/\/www.cherka-company.ba\/index.php?rest_route=\/wp\/v2\/product\/2291"}],"collection":[{"href":"https:\/\/www.cherka-company.ba\/index.php?rest_route=\/wp\/v2\/product"}],"about":[{"href":"https:\/\/www.cherka-company.ba\/index.php?rest_route=\/wp\/v2\/types\/product"}],"version-history":[{"count":2,"href":"https:\/\/www.cherka-company.ba\/index.php?rest_route=\/wp\/v2\/product\/2291\/revisions"}],"predecessor-version":[{"id":2294,"href":"https:\/\/www.cherka-company.ba\/index.php?rest_route=\/wp\/v2\/product\/2291\/revisions\/2294"}],"wp:featuredmedia":[{"embeddable":true,"href":"https:\/\/www.cherka-company.ba\/index.php?rest_route=\/wp\/v2\/media\/2292"}],"wp:attachment":[{"href":"https:\/\/www.cherka-company.ba\/index.php?rest_route=%2Fwp%2Fv2%2Fmedia&parent=2291"}],"wp:term":[{"taxonomy":"product_cat","embeddable":true,"href":"https:\/\/www.cherka-company.ba\/index.php?rest_route=%2Fwp%2Fv2%2Fproduct_cat&post=2291"},{"taxonomy":"product_tag","embeddable":true,"href":"https:\/\/www.cherka-company.ba\/index.php?rest_route=%2Fwp%2Fv2%2Fproduct_tag&post=2291"}],"curies":[{"name":"wp","href":"https:\/\/api.w.org\/{rel}","templated":true}]}}