{"id":2289,"date":"2022-09-22T14:26:07","date_gmt":"2022-09-22T14:26:07","guid":{"rendered":"https:\/\/www.cherka-company.ba\/?post_type=product&#038;p=2289"},"modified":"2022-09-22T14:30:06","modified_gmt":"2022-09-22T14:30:06","slug":"silikonska-proteza-1022x","status":"publish","type":"product","link":"https:\/\/www.cherka-company.ba\/?product=silikonska-proteza-1022x","title":{"rendered":"Silikonska proteza &#8211; 1022X"},"content":{"rendered":"<p><span>Nakon operacije dojke, \u010dak i vi\u0161e od ravnomjerno uravnote\u017eenog izgleda, ravnomjerna raspodjela te\u017eine klju\u010dna je za fizi\u010dko blagostanje.\u00a0<\/span><span>Puni oblici grudi s kompenzacijom pune te\u017eine omogu\u0107uju postizanje ravnote\u017ee ne samo u pogledu izgleda, ve\u0107 i u pogledu te\u017eine.\u00a0<\/span><\/p>\n","protected":false},"excerpt":{"rendered":"<ul>\n<li><strong>Za prirodan izgled i osje\u0107aj<\/strong><\/li>\n<li><strong>Konusni rubovi i razli\u010diti oblici savr\u0161eno odgovaraju svim vrstama potreba<\/strong><\/li>\n<li><strong>Mo\u017ee se koristiti na obje strane<\/strong><\/li>\n<li><strong>Sa nezahva\u0107enim gornjim dijelom dojke<\/strong><\/li>\n<li><strong>Poseban oblik kapi<\/strong><\/li>\n<li><strong>Jednostavna za kori\u0161tenje<\/strong><\/li>\n<\/ul>\n<p><img loading=\"lazy\" class=\"alignnone size-medium wp-image-2281\" src=\"https:\/\/www.cherka-company.ba\/wp-content\/uploads\/2022\/09\/1985-300x300.png\" alt=\"\" width=\"300\" height=\"300\" \/><\/p>\n<p>&nbsp;<\/p>\n","protected":false},"featured_media":2287,"template":"","meta":[],"product_cat":[67,108],"product_tag":[],"_links":{"self":[{"href":"https:\/\/www.cherka-company.ba\/index.php?rest_route=\/wp\/v2\/product\/2289"}],"collection":[{"href":"https:\/\/www.cherka-company.ba\/index.php?rest_route=\/wp\/v2\/product"}],"about":[{"href":"https:\/\/www.cherka-company.ba\/index.php?rest_route=\/wp\/v2\/types\/product"}],"version-history":[{"count":1,"href":"https:\/\/www.cherka-company.ba\/index.php?rest_route=\/wp\/v2\/product\/2289\/revisions"}],"predecessor-version":[{"id":2290,"href":"https:\/\/www.cherka-company.ba\/index.php?rest_route=\/wp\/v2\/product\/2289\/revisions\/2290"}],"wp:featuredmedia":[{"embeddable":true,"href":"https:\/\/www.cherka-company.ba\/index.php?rest_route=\/wp\/v2\/media\/2287"}],"wp:attachment":[{"href":"https:\/\/www.cherka-company.ba\/index.php?rest_route=%2Fwp%2Fv2%2Fmedia&parent=2289"}],"wp:term":[{"taxonomy":"product_cat","embeddable":true,"href":"https:\/\/www.cherka-company.ba\/index.php?rest_route=%2Fwp%2Fv2%2Fproduct_cat&post=2289"},{"taxonomy":"product_tag","embeddable":true,"href":"https:\/\/www.cherka-company.ba\/index.php?rest_route=%2Fwp%2Fv2%2Fproduct_tag&post=2289"}],"curies":[{"name":"wp","href":"https:\/\/api.w.org\/{rel}","templated":true}]}}