{"id":2286,"date":"2022-09-22T14:20:37","date_gmt":"2022-09-22T14:20:37","guid":{"rendered":"https:\/\/www.cherka-company.ba\/?post_type=product&#038;p=2286"},"modified":"2022-09-22T14:25:14","modified_gmt":"2022-09-22T14:25:14","slug":"silikonska-proteza-1054x-active","status":"publish","type":"product","link":"https:\/\/www.cherka-company.ba\/?product=silikonska-proteza-1054x-active","title":{"rendered":"Silikonska proteza &#8211; 1054X Active"},"content":{"rendered":"<p>Anita care razvila je posebne proteze koji \u017eene mogu nositi tijekom bavljenja sportom. Izuzetno je ugodna za ko\u017eu zahvaljuju\u0107i svojoj patentiranoj rebrastoj strukturi. Zra\u010dne komore sprje\u010davaju da oblik proteze u potpunosti sjedne na ko\u017eu, \u010dime se pove\u0107ava cirkulacija zraka. To tako\u0111er mo\u017ee pomo\u0107i u sprje\u010davanju pretjeranog znojenja uzrokovanog vje\u017ebanjem ili uzimanjem lijekova.<\/p>\n<p>Uz Light &amp; Active proteze, aktivne \u017eene mogu planirati svoj dnevni sport, oslanjaju\u0107i se na sigurnu potporu i optimalnu cirkulaciju zraka.<\/p>\n","protected":false},"excerpt":{"rendered":"<ul>\n<li style=\"list-style-type: none\">\n<ul>\n<li><strong><span>Patentirana rebrasta konstrukcija s posebnim, laganim dizajnom<\/span><\/strong><\/li>\n<li><strong><span>Izvrsno prikladna za sve sportske aktivnosti<\/span><\/strong><\/li>\n<li><strong><span>Voda br\u017ee otje\u010de tijekom plivanja zahvaljuju\u0107i rebrastoj strukturi<\/span><\/strong><\/li>\n<li><strong><span>Ko\u017ea mo\u017ee disati zahvaljuju\u0107i zra\u010dnoj komori<\/span><\/strong><\/li>\n<li><strong><span>Do 25% lak\u0161e od usporedivih oblika za pune proteze sa silikonskim gelom<\/span><\/strong><\/li>\n<\/ul>\n<\/li>\n<\/ul>\n<p><img loading=\"lazy\" class=\"alignnone size-medium wp-image-2281\" src=\"https:\/\/www.cherka-company.ba\/wp-content\/uploads\/2022\/09\/1985-300x300.png\" alt=\"\" width=\"300\" height=\"300\" \/><\/p>\n<p>&nbsp;<\/p>\n","protected":false},"featured_media":2287,"template":"","meta":[],"product_cat":[67,108],"product_tag":[],"_links":{"self":[{"href":"https:\/\/www.cherka-company.ba\/index.php?rest_route=\/wp\/v2\/product\/2286"}],"collection":[{"href":"https:\/\/www.cherka-company.ba\/index.php?rest_route=\/wp\/v2\/product"}],"about":[{"href":"https:\/\/www.cherka-company.ba\/index.php?rest_route=\/wp\/v2\/types\/product"}],"version-history":[{"count":1,"href":"https:\/\/www.cherka-company.ba\/index.php?rest_route=\/wp\/v2\/product\/2286\/revisions"}],"predecessor-version":[{"id":2288,"href":"https:\/\/www.cherka-company.ba\/index.php?rest_route=\/wp\/v2\/product\/2286\/revisions\/2288"}],"wp:featuredmedia":[{"embeddable":true,"href":"https:\/\/www.cherka-company.ba\/index.php?rest_route=\/wp\/v2\/media\/2287"}],"wp:attachment":[{"href":"https:\/\/www.cherka-company.ba\/index.php?rest_route=%2Fwp%2Fv2%2Fmedia&parent=2286"}],"wp:term":[{"taxonomy":"product_cat","embeddable":true,"href":"https:\/\/www.cherka-company.ba\/index.php?rest_route=%2Fwp%2Fv2%2Fproduct_cat&post=2286"},{"taxonomy":"product_tag","embeddable":true,"href":"https:\/\/www.cherka-company.ba\/index.php?rest_route=%2Fwp%2Fv2%2Fproduct_tag&post=2286"}],"curies":[{"name":"wp","href":"https:\/\/api.w.org\/{rel}","templated":true}]}}