{"id":2283,"date":"2022-09-22T14:17:02","date_gmt":"2022-09-22T14:17:02","guid":{"rendered":"https:\/\/www.cherka-company.ba\/?post_type=product&#038;p=2283"},"modified":"2022-10-01T17:05:19","modified_gmt":"2022-10-01T17:05:19","slug":"tekstilna-proteza-dojke-1018x","status":"publish","type":"product","link":"https:\/\/www.cherka-company.ba\/?product=tekstilna-proteza-dojke-1018x","title":{"rendered":"Tekstilna proteza dojke 1018X"},"content":{"rendered":"<p>Na\u0161e tekstilne proteze za grudi pru\u017eaju nje\u017enu i laganu po\u010detnu kompenzaciju i mogu se nositi kod ku\u0107e kao udobna zamjena za silikonske proteze.<\/p>\n<p>Proteze izra\u0111ene od najfinijih mikrovlakana, mikromodalnih vlakana i pamuka neophodne su nakon operacije za za\u0161titu osjetljive ko\u017ee.<\/p>\n<p>Nje\u017eni materijali ugodni za ko\u017eu lako se otklanjaju na osjetljivom o\u017eiljnom tkivu, tako\u0111er i tijekom terapije zra\u010denjem<br \/>\nNema vidljivih \u0161avova izvana, \u0161to jam\u010di optimalnu kompenzaciju<br \/>\nMo\u017ee se po potrebi puniti medicinskim flisom<\/p>\n","protected":false},"excerpt":{"rendered":"<p>Proteze za nje\u017enu i laganu primarnu njegu i ku\u0107no no\u0161enje<\/p>\n<ul>\n<li>Mogu se koristiti na obje strane<\/li>\n<li>Prozra\u010dna mikrofibra ugodna ko\u017ei<\/li>\n<li>Poseban premaz na prednjoj strani za u\u010dvr\u0161\u0107ivanje u grudnjaku<\/li>\n<li>Mo\u017ee se dodatno puniti medicinskim flisom<\/li>\n<\/ul>\n<p><img loading=\"lazy\" class=\"alignnone size-medium wp-image-2281\" src=\"https:\/\/www.cherka-company.ba\/wp-content\/uploads\/2022\/09\/1985-300x300.png\" alt=\"\" width=\"300\" height=\"300\" \/><\/p>\n<p>&nbsp;<\/p>\n","protected":false},"featured_media":2284,"template":"","meta":[],"product_cat":[67,108],"product_tag":[],"_links":{"self":[{"href":"https:\/\/www.cherka-company.ba\/index.php?rest_route=\/wp\/v2\/product\/2283"}],"collection":[{"href":"https:\/\/www.cherka-company.ba\/index.php?rest_route=\/wp\/v2\/product"}],"about":[{"href":"https:\/\/www.cherka-company.ba\/index.php?rest_route=\/wp\/v2\/types\/product"}],"version-history":[{"count":1,"href":"https:\/\/www.cherka-company.ba\/index.php?rest_route=\/wp\/v2\/product\/2283\/revisions"}],"predecessor-version":[{"id":2285,"href":"https:\/\/www.cherka-company.ba\/index.php?rest_route=\/wp\/v2\/product\/2283\/revisions\/2285"}],"wp:featuredmedia":[{"embeddable":true,"href":"https:\/\/www.cherka-company.ba\/index.php?rest_route=\/wp\/v2\/media\/2284"}],"wp:attachment":[{"href":"https:\/\/www.cherka-company.ba\/index.php?rest_route=%2Fwp%2Fv2%2Fmedia&parent=2283"}],"wp:term":[{"taxonomy":"product_cat","embeddable":true,"href":"https:\/\/www.cherka-company.ba\/index.php?rest_route=%2Fwp%2Fv2%2Fproduct_cat&post=2283"},{"taxonomy":"product_tag","embeddable":true,"href":"https:\/\/www.cherka-company.ba\/index.php?rest_route=%2Fwp%2Fv2%2Fproduct_tag&post=2283"}],"curies":[{"name":"wp","href":"https:\/\/api.w.org\/{rel}","templated":true}]}}