{"id":2258,"date":"2022-09-21T14:26:24","date_gmt":"2022-09-21T14:26:24","guid":{"rendered":"https:\/\/www.cherka-company.ba\/?post_type=product&#038;p=2258"},"modified":"2025-07-11T14:13:40","modified_gmt":"2025-07-11T14:13:40","slug":"balzam-za-perike","status":"publish","type":"product","link":"https:\/\/www.cherka-company.ba\/?product=balzam-za-perike","title":{"rendered":"Balzam za perike"},"content":{"rendered":"<p><img loading=\"lazy\" class=\"alignnone size-full wp-image-1959\" src=\"https:\/\/www.cherka-company.ba\/wp-content\/uploads\/2022\/09\/gm.png\" alt=\"\" width=\"255\" height=\"165\" \/><\/p>\n","protected":false},"excerpt":{"rendered":"<p>Balzam Gisela Mayer ima prirodnu, cvjetnu aromu koja je svje\u017ea i ljetna. Ovaj balzam je savr\u0161en za kondicioniranje va\u0161ih perika ili ulo\u017eaka za kosu.<\/p>\n<p>Nakon \u0161to ste \u0161amponirali svoju periku\/ulo\u017eak za kosu, dodajte par kapi balzama u posudu\/sudoper s mlakom vodom. Ostavite da se nama\u010de u otopini otprilike 10 minuta. Nakon 10 minuta izvaditi iz vode. NEMOJTE ISPIRATI BALZAM IZ PERIKE.<\/p>\n<p>Nemojte jako cijediti ili uvrtati svoju periku\/ulo\u017eak za kosu. Ne zaboravite tako\u0111er da ne \u010de\u0161ljate ili \u010detkate svoj komad kad je mokar. Zatim nje\u017eno procijedite sav vi\u0161ak vode s perike\/ulo\u0161ka za kosu i ostavite da se osu\u0161i prirodnim putem.<\/p>\n<p><img loading=\"lazy\" class=\"alignnone size-full wp-image-1959\" src=\"https:\/\/www.cherka-company.ba\/wp-content\/uploads\/2022\/09\/gm.png\" alt=\"\" width=\"255\" height=\"165\" \/><\/p>\n","protected":false},"featured_media":2255,"template":"","meta":[],"product_cat":[105],"product_tag":[],"_links":{"self":[{"href":"https:\/\/www.cherka-company.ba\/index.php?rest_route=\/wp\/v2\/product\/2258"}],"collection":[{"href":"https:\/\/www.cherka-company.ba\/index.php?rest_route=\/wp\/v2\/product"}],"about":[{"href":"https:\/\/www.cherka-company.ba\/index.php?rest_route=\/wp\/v2\/types\/product"}],"version-history":[{"count":1,"href":"https:\/\/www.cherka-company.ba\/index.php?rest_route=\/wp\/v2\/product\/2258\/revisions"}],"predecessor-version":[{"id":2259,"href":"https:\/\/www.cherka-company.ba\/index.php?rest_route=\/wp\/v2\/product\/2258\/revisions\/2259"}],"wp:featuredmedia":[{"embeddable":true,"href":"https:\/\/www.cherka-company.ba\/index.php?rest_route=\/wp\/v2\/media\/2255"}],"wp:attachment":[{"href":"https:\/\/www.cherka-company.ba\/index.php?rest_route=%2Fwp%2Fv2%2Fmedia&parent=2258"}],"wp:term":[{"taxonomy":"product_cat","embeddable":true,"href":"https:\/\/www.cherka-company.ba\/index.php?rest_route=%2Fwp%2Fv2%2Fproduct_cat&post=2258"},{"taxonomy":"product_tag","embeddable":true,"href":"https:\/\/www.cherka-company.ba\/index.php?rest_route=%2Fwp%2Fv2%2Fproduct_tag&post=2258"}],"curies":[{"name":"wp","href":"https:\/\/api.w.org\/{rel}","templated":true}]}}