{"id":2253,"date":"2022-09-21T14:22:46","date_gmt":"2022-09-21T14:22:46","guid":{"rendered":"https:\/\/www.cherka-company.ba\/?post_type=product&#038;p=2253"},"modified":"2025-07-11T14:13:50","modified_gmt":"2025-07-11T14:13:50","slug":"sampon-za-perike","status":"publish","type":"product","link":"https:\/\/www.cherka-company.ba\/?product=sampon-za-perike","title":{"rendered":"\u0160ampon za perike"},"content":{"rendered":"<p>&nbsp;<\/p>\n<p><img loading=\"lazy\" class=\"alignnone size-full wp-image-1959\" src=\"https:\/\/www.cherka-company.ba\/wp-content\/uploads\/2022\/09\/gm.png\" alt=\"\" width=\"255\" height=\"165\" \/><\/p>\n","protected":false},"excerpt":{"rendered":"<p>\u0160ampon Gisele Mayer ima prirodan, cvjetni miris koji je osvje\u017eavaju\u0107i i ljetni.<\/p>\n<p>Nje\u017eno i\u0161\u010detkajte periku ili ulo\u017eak za kosu, a zatim napunite zdjelu ili sudoper toplom vodom. Dodajte jednu \u010dajnu \u017eli\u010dicu \u0161ampona za perike na svake dvije litre vode. Zatim pa\u017eljivo protresite periku ili ulo\u017eak za kosu i ostavite u otopini otprilike 2 do 3 minute. Nakon 2-3 minute izvadite i temeljito isperite.<\/p>\n<p>Upamtite da ne cijedite periku\/frizuru niti da je \u010de\u0161ljate dok je mokra.<\/p>\n<p><img loading=\"lazy\" class=\"alignnone size-full wp-image-1959\" src=\"https:\/\/www.cherka-company.ba\/wp-content\/uploads\/2022\/09\/gm.png\" alt=\"\" width=\"255\" height=\"165\" \/><\/p>\n","protected":false},"featured_media":2256,"template":"","meta":[],"product_cat":[105],"product_tag":[],"_links":{"self":[{"href":"https:\/\/www.cherka-company.ba\/index.php?rest_route=\/wp\/v2\/product\/2253"}],"collection":[{"href":"https:\/\/www.cherka-company.ba\/index.php?rest_route=\/wp\/v2\/product"}],"about":[{"href":"https:\/\/www.cherka-company.ba\/index.php?rest_route=\/wp\/v2\/types\/product"}],"version-history":[{"count":1,"href":"https:\/\/www.cherka-company.ba\/index.php?rest_route=\/wp\/v2\/product\/2253\/revisions"}],"predecessor-version":[{"id":2257,"href":"https:\/\/www.cherka-company.ba\/index.php?rest_route=\/wp\/v2\/product\/2253\/revisions\/2257"}],"wp:featuredmedia":[{"embeddable":true,"href":"https:\/\/www.cherka-company.ba\/index.php?rest_route=\/wp\/v2\/media\/2256"}],"wp:attachment":[{"href":"https:\/\/www.cherka-company.ba\/index.php?rest_route=%2Fwp%2Fv2%2Fmedia&parent=2253"}],"wp:term":[{"taxonomy":"product_cat","embeddable":true,"href":"https:\/\/www.cherka-company.ba\/index.php?rest_route=%2Fwp%2Fv2%2Fproduct_cat&post=2253"},{"taxonomy":"product_tag","embeddable":true,"href":"https:\/\/www.cherka-company.ba\/index.php?rest_route=%2Fwp%2Fv2%2Fproduct_tag&post=2253"}],"curies":[{"name":"wp","href":"https:\/\/api.w.org\/{rel}","templated":true}]}}