{"id":2242,"date":"2022-09-21T13:03:17","date_gmt":"2022-09-21T13:03:17","guid":{"rendered":"https:\/\/www.cherka-company.ba\/?post_type=product&#038;p=2242"},"modified":"2022-09-21T13:09:18","modified_gmt":"2022-09-21T13:09:18","slug":"ad-jastuk-sa-zracnim-komorama-comfy-i-comfy-ii","status":"publish","type":"product","link":"https:\/\/www.cherka-company.ba\/?product=ad-jastuk-sa-zracnim-komorama-comfy-i-comfy-ii","title":{"rendered":"AD Jastuk  sa zra\u010dnim komorama &#8211; Comfy I \/ Comfy II"},"content":{"rendered":"","protected":false},"excerpt":{"rendered":"<p class=\"p1\">\u2022 Umiruje i ubla\u017eava pritisak korisnika iz sjede\u0107eg polo\u017eaja<\/p>\n<p class=\"p1\">\u2022 Materijal: PVC<\/p>\n<p class=\"p1\">\u2022 Uklju\u010dena rastezljiva navlaka (6 mjeseci jamstva)<\/p>\n<p class=\"p1\">\u2022 Komplet za popravak<\/p>\n<p class=\"p1\">\u2022 Ru\u010dna zra\u010dna pumpa (6 mjeseci jamstva)<\/p>\n<p>\u2022 Maksimalna te\u017eina korisnika: 130kg<\/p>\n<p>\u2022 Dimenzije\u00a0 Comfy I : 40x40x8cm<\/p>\n<p>\u2022 Dimenzije\u00a0 Comfy II : 46x40x8cm<\/p>\n<p><img loading=\"lazy\" class=\"alignnone size-full wp-image-2244\" src=\"https:\/\/www.cherka-company.ba\/wp-content\/uploads\/2022\/09\/Screenshot-2021-06-09-at-14.18.05.png\" alt=\"\" width=\"241\" height=\"159\" \/><\/p>\n<p><img loading=\"lazy\" class=\"alignnone size-medium wp-image-2148\" src=\"https:\/\/www.cherka-company.ba\/wp-content\/uploads\/2022\/09\/mobiak-300x150.png\" alt=\"\" width=\"300\" height=\"150\" \/><\/p>\n","protected":false},"featured_media":2243,"template":"","meta":[],"product_cat":[64,58],"product_tag":[],"_links":{"self":[{"href":"https:\/\/www.cherka-company.ba\/index.php?rest_route=\/wp\/v2\/product\/2242"}],"collection":[{"href":"https:\/\/www.cherka-company.ba\/index.php?rest_route=\/wp\/v2\/product"}],"about":[{"href":"https:\/\/www.cherka-company.ba\/index.php?rest_route=\/wp\/v2\/types\/product"}],"version-history":[{"count":2,"href":"https:\/\/www.cherka-company.ba\/index.php?rest_route=\/wp\/v2\/product\/2242\/revisions"}],"predecessor-version":[{"id":2246,"href":"https:\/\/www.cherka-company.ba\/index.php?rest_route=\/wp\/v2\/product\/2242\/revisions\/2246"}],"wp:featuredmedia":[{"embeddable":true,"href":"https:\/\/www.cherka-company.ba\/index.php?rest_route=\/wp\/v2\/media\/2243"}],"wp:attachment":[{"href":"https:\/\/www.cherka-company.ba\/index.php?rest_route=%2Fwp%2Fv2%2Fmedia&parent=2242"}],"wp:term":[{"taxonomy":"product_cat","embeddable":true,"href":"https:\/\/www.cherka-company.ba\/index.php?rest_route=%2Fwp%2Fv2%2Fproduct_cat&post=2242"},{"taxonomy":"product_tag","embeddable":true,"href":"https:\/\/www.cherka-company.ba\/index.php?rest_route=%2Fwp%2Fv2%2Fproduct_tag&post=2242"}],"curies":[{"name":"wp","href":"https:\/\/api.w.org\/{rel}","templated":true}]}}