{"id":2213,"date":"2022-09-21T11:53:46","date_gmt":"2022-09-21T11:53:46","guid":{"rendered":"https:\/\/www.cherka-company.ba\/?post_type=product&#038;p=2213"},"modified":"2022-09-21T12:09:23","modified_gmt":"2022-09-21T12:09:23","slug":"nebulizator-gem","status":"publish","type":"product","link":"https:\/\/www.cherka-company.ba\/?product=nebulizator-gem","title":{"rendered":"Nebulizator GEM"},"content":{"rendered":"","protected":false},"excerpt":{"rendered":"<p>Ure\u0111aj je dizajniran za jednostavan transport i rad te se preporu\u010duje za nebulizaciju antibiotika i bronhodilatatora.<\/p>\n<p>\u2022 Jednostavan je za kori\u0161tenje i \u010di\u0161\u0107enje<\/p>\n<p>\u2022 Brza nebulizacija, u\u0161teda do 50% vremena zahvaljuju\u0107i komori za raspr\u0161ivanje Highflow<\/p>\n<p>\u2022 Dolazi sa maskom visokog protoka za odrasle i djecu, nosnom kanilom, komorom za raspr\u0161ivanje visokog protoka i rezervnim filtrom<\/p>\n<p><img loading=\"lazy\" class=\"alignnone size-medium wp-image-2148\" src=\"https:\/\/www.cherka-company.ba\/wp-content\/uploads\/2022\/09\/mobiak-300x150.png\" alt=\"\" width=\"300\" height=\"150\" \/><\/p>\n","protected":false},"featured_media":2214,"template":"","meta":[],"product_cat":[106],"product_tag":[],"_links":{"self":[{"href":"https:\/\/www.cherka-company.ba\/index.php?rest_route=\/wp\/v2\/product\/2213"}],"collection":[{"href":"https:\/\/www.cherka-company.ba\/index.php?rest_route=\/wp\/v2\/product"}],"about":[{"href":"https:\/\/www.cherka-company.ba\/index.php?rest_route=\/wp\/v2\/types\/product"}],"version-history":[{"count":1,"href":"https:\/\/www.cherka-company.ba\/index.php?rest_route=\/wp\/v2\/product\/2213\/revisions"}],"predecessor-version":[{"id":2216,"href":"https:\/\/www.cherka-company.ba\/index.php?rest_route=\/wp\/v2\/product\/2213\/revisions\/2216"}],"wp:featuredmedia":[{"embeddable":true,"href":"https:\/\/www.cherka-company.ba\/index.php?rest_route=\/wp\/v2\/media\/2214"}],"wp:attachment":[{"href":"https:\/\/www.cherka-company.ba\/index.php?rest_route=%2Fwp%2Fv2%2Fmedia&parent=2213"}],"wp:term":[{"taxonomy":"product_cat","embeddable":true,"href":"https:\/\/www.cherka-company.ba\/index.php?rest_route=%2Fwp%2Fv2%2Fproduct_cat&post=2213"},{"taxonomy":"product_tag","embeddable":true,"href":"https:\/\/www.cherka-company.ba\/index.php?rest_route=%2Fwp%2Fv2%2Fproduct_tag&post=2213"}],"curies":[{"name":"wp","href":"https:\/\/api.w.org\/{rel}","templated":true}]}}