{"id":2205,"date":"2022-09-20T19:53:41","date_gmt":"2022-09-20T19:53:41","guid":{"rendered":"https:\/\/www.cherka-company.ba\/?post_type=product&#038;p=2205"},"modified":"2022-09-20T19:59:21","modified_gmt":"2022-09-20T19:59:21","slug":"troslojna-medicinska-maska","status":"publish","type":"product","link":"https:\/\/www.cherka-company.ba\/?product=troslojna-medicinska-maska","title":{"rendered":"Troslojna medicinska maska"},"content":{"rendered":"","protected":false},"excerpt":{"rendered":"<p>\u0160titi operativno polje od lju\u0161tene epiderme, kose i kaplji\u010dnih infekcija<\/p>\n<ul>\n<li>izra\u0111ena od tri sloja netkanog materijala<\/li>\n<li>mogu\u0107nost modeliranja nosnog dijela<\/li>\n<li>u skladu sa standardom EN 14683 tip IIR<\/li>\n<li>otporne na prskanje<\/li>\n<li>BFE \u2265 98%<\/li>\n<li>dimenzije: 175 mm x 95 mm<\/li>\n<li>s u\u0161icama<\/li>\n<li>pakiranje: ergonomska kartonska kutija za va\u0111enje pojedina\u010dnih komada<\/li>\n<li>boje:\u00a0 plava<\/li>\n<li>bez lateksa<\/li>\n<li>jednokratna upotreba<\/li>\n<li>nesterilna<\/li>\n<\/ul>\n<p><img loading=\"lazy\" class=\"alignnone size-full wp-image-2109\" src=\"https:\/\/www.cherka-company.ba\/wp-content\/uploads\/2022\/09\/zarys.png\" alt=\"\" width=\"250\" height=\"277\" \/><\/p>\n","protected":false},"featured_media":2206,"template":"","meta":[],"product_cat":[75],"product_tag":[],"_links":{"self":[{"href":"https:\/\/www.cherka-company.ba\/index.php?rest_route=\/wp\/v2\/product\/2205"}],"collection":[{"href":"https:\/\/www.cherka-company.ba\/index.php?rest_route=\/wp\/v2\/product"}],"about":[{"href":"https:\/\/www.cherka-company.ba\/index.php?rest_route=\/wp\/v2\/types\/product"}],"version-history":[{"count":1,"href":"https:\/\/www.cherka-company.ba\/index.php?rest_route=\/wp\/v2\/product\/2205\/revisions"}],"predecessor-version":[{"id":2207,"href":"https:\/\/www.cherka-company.ba\/index.php?rest_route=\/wp\/v2\/product\/2205\/revisions\/2207"}],"wp:featuredmedia":[{"embeddable":true,"href":"https:\/\/www.cherka-company.ba\/index.php?rest_route=\/wp\/v2\/media\/2206"}],"wp:attachment":[{"href":"https:\/\/www.cherka-company.ba\/index.php?rest_route=%2Fwp%2Fv2%2Fmedia&parent=2205"}],"wp:term":[{"taxonomy":"product_cat","embeddable":true,"href":"https:\/\/www.cherka-company.ba\/index.php?rest_route=%2Fwp%2Fv2%2Fproduct_cat&post=2205"},{"taxonomy":"product_tag","embeddable":true,"href":"https:\/\/www.cherka-company.ba\/index.php?rest_route=%2Fwp%2Fv2%2Fproduct_tag&post=2205"}],"curies":[{"name":"wp","href":"https:\/\/api.w.org\/{rel}","templated":true}]}}