{"id":2125,"date":"2022-09-16T08:31:47","date_gmt":"2022-09-16T08:31:47","guid":{"rendered":"https:\/\/www.cherka-company.ba\/?post_type=product&#038;p=2125"},"modified":"2022-09-16T08:37:17","modified_gmt":"2022-09-16T08:37:17","slug":"steznik-za-koljeno-0020","status":"publish","type":"product","link":"https:\/\/www.cherka-company.ba\/?product=steznik-za-koljeno-0020","title":{"rendered":"Steznik za koljeno 0020"},"content":{"rendered":"","protected":false},"excerpt":{"rendered":"<p>Neoprenski steznik za koljena s unutarnjom pamu\u010dnom podstavom, koji pru\u017ea potporu napregnutim koljenima, pove\u0107ava temperaturu \u010dime se posti\u017ee bolja prokrvljenost.<\/p>\n<p>&nbsp;<\/p>\n<p><img loading=\"lazy\" class=\"alignnone size-medium wp-image-2001\" src=\"https:\/\/www.cherka-company.ba\/wp-content\/uploads\/2022\/09\/ANATOMIC-HELP-LOGO-2-1-300x160.jpg\" alt=\"\" width=\"300\" height=\"160\" \/><\/p>\n","protected":false},"featured_media":2126,"template":"","meta":[],"product_cat":[92,65],"product_tag":[],"_links":{"self":[{"href":"https:\/\/www.cherka-company.ba\/index.php?rest_route=\/wp\/v2\/product\/2125"}],"collection":[{"href":"https:\/\/www.cherka-company.ba\/index.php?rest_route=\/wp\/v2\/product"}],"about":[{"href":"https:\/\/www.cherka-company.ba\/index.php?rest_route=\/wp\/v2\/types\/product"}],"version-history":[{"count":1,"href":"https:\/\/www.cherka-company.ba\/index.php?rest_route=\/wp\/v2\/product\/2125\/revisions"}],"predecessor-version":[{"id":2127,"href":"https:\/\/www.cherka-company.ba\/index.php?rest_route=\/wp\/v2\/product\/2125\/revisions\/2127"}],"wp:featuredmedia":[{"embeddable":true,"href":"https:\/\/www.cherka-company.ba\/index.php?rest_route=\/wp\/v2\/media\/2126"}],"wp:attachment":[{"href":"https:\/\/www.cherka-company.ba\/index.php?rest_route=%2Fwp%2Fv2%2Fmedia&parent=2125"}],"wp:term":[{"taxonomy":"product_cat","embeddable":true,"href":"https:\/\/www.cherka-company.ba\/index.php?rest_route=%2Fwp%2Fv2%2Fproduct_cat&post=2125"},{"taxonomy":"product_tag","embeddable":true,"href":"https:\/\/www.cherka-company.ba\/index.php?rest_route=%2Fwp%2Fv2%2Fproduct_tag&post=2125"}],"curies":[{"name":"wp","href":"https:\/\/api.w.org\/{rel}","templated":true}]}}