{"id":2057,"date":"2022-09-15T08:30:00","date_gmt":"2022-09-15T08:30:00","guid":{"rendered":"https:\/\/www.cherka-company.ba\/?post_type=product&#038;p=2057"},"modified":"2022-09-16T18:54:43","modified_gmt":"2022-09-16T18:54:43","slug":"terapijske-carape-za-vene-dokoljenice-sa-stupnjevanom-kompresijom","status":"publish","type":"product","link":"https:\/\/www.cherka-company.ba\/?product=terapijske-carape-za-vene-dokoljenice-sa-stupnjevanom-kompresijom","title":{"rendered":"T41 Terapijske \u010darape za vene &#8211; dokoljenice sa stupnjevanom kompresijom"},"content":{"rendered":"<p>Dokoljenice otvorenih prstiju s postupnom kompresijom i man\u0161etom protiv klizanja.<br \/>\nDokoljenice su dio linije terapeutskih proizvoda indiciranih kod najva\u017enijih venskih patologija.<br \/>\nSanyleg terapeutske \u010darape dostupne su u klasi I, klasi II.<br \/>\nKori\u0161tenje ovih \u010darapa preporu\u010duje se nakon procjene i lije\u010dni\u010dkog recepta.<\/p>\n<p>Sastav: 70% poliamid, 30% elastan<br \/>\n\u0160ifra artikla\u00a0 T41 &#8211; mm \/ Hg 23-32 (u gle\u017enju)<\/p>\n","protected":false},"excerpt":{"rendered":"<p><img loading=\"lazy\" class=\"alignnone wp-image-2059 size-full\" src=\"https:\/\/www.cherka-company.ba\/wp-content\/uploads\/2022\/09\/t41-tablica.jpg\" alt=\"\" width=\"1749\" height=\"760\" srcset=\"https:\/\/www.cherka-company.ba\/wp-content\/uploads\/2022\/09\/t41-tablica.jpg 1749w, https:\/\/www.cherka-company.ba\/wp-content\/uploads\/2022\/09\/t41-tablica-1024x445.jpg 1024w, https:\/\/www.cherka-company.ba\/wp-content\/uploads\/2022\/09\/t41-tablica-768x334.jpg 768w, https:\/\/www.cherka-company.ba\/wp-content\/uploads\/2022\/09\/t41-tablica-1536x667.jpg 1536w, https:\/\/www.cherka-company.ba\/wp-content\/uploads\/2022\/09\/t41-tablica-640x278.jpg 640w, https:\/\/www.cherka-company.ba\/wp-content\/uploads\/2022\/09\/t41-tablica-400x174.jpg 400w, https:\/\/www.cherka-company.ba\/wp-content\/uploads\/2022\/09\/t41-tablica-600x261.jpg 600w\" sizes=\"(max-width: 1749px) 100vw, 1749px\" \/><\/p>\n<p><img loading=\"lazy\" class=\"alignnone wp-image-1844 size-full\" src=\"https:\/\/www.cherka-company.ba\/wp-content\/uploads\/2022\/09\/logo-sanyleg.jpg\" alt=\"\" width=\"392\" height=\"129\" \/><\/p>\n","protected":false},"featured_media":2058,"template":"","meta":[],"product_cat":[69,71],"product_tag":[],"_links":{"self":[{"href":"https:\/\/www.cherka-company.ba\/index.php?rest_route=\/wp\/v2\/product\/2057"}],"collection":[{"href":"https:\/\/www.cherka-company.ba\/index.php?rest_route=\/wp\/v2\/product"}],"about":[{"href":"https:\/\/www.cherka-company.ba\/index.php?rest_route=\/wp\/v2\/types\/product"}],"version-history":[{"count":4,"href":"https:\/\/www.cherka-company.ba\/index.php?rest_route=\/wp\/v2\/product\/2057\/revisions"}],"predecessor-version":[{"id":2063,"href":"https:\/\/www.cherka-company.ba\/index.php?rest_route=\/wp\/v2\/product\/2057\/revisions\/2063"}],"wp:featuredmedia":[{"embeddable":true,"href":"https:\/\/www.cherka-company.ba\/index.php?rest_route=\/wp\/v2\/media\/2058"}],"wp:attachment":[{"href":"https:\/\/www.cherka-company.ba\/index.php?rest_route=%2Fwp%2Fv2%2Fmedia&parent=2057"}],"wp:term":[{"taxonomy":"product_cat","embeddable":true,"href":"https:\/\/www.cherka-company.ba\/index.php?rest_route=%2Fwp%2Fv2%2Fproduct_cat&post=2057"},{"taxonomy":"product_tag","embeddable":true,"href":"https:\/\/www.cherka-company.ba\/index.php?rest_route=%2Fwp%2Fv2%2Fproduct_tag&post=2057"}],"curies":[{"name":"wp","href":"https:\/\/api.w.org\/{rel}","templated":true}]}}