{"id":2035,"date":"2022-09-15T07:25:01","date_gmt":"2022-09-15T07:25:01","guid":{"rendered":"https:\/\/www.cherka-company.ba\/?post_type=product&#038;p=2035"},"modified":"2022-09-15T07:27:35","modified_gmt":"2022-09-15T07:27:35","slug":"steznik-za-skocni-zglob-0033","status":"publish","type":"product","link":"https:\/\/www.cherka-company.ba\/?product=steznik-za-skocni-zglob-0033","title":{"rendered":"Steznik za sko\u010dni zglob &#8211; 0033"},"content":{"rendered":"","protected":false},"excerpt":{"rendered":"<p><span>Steznik za gle\u017eanj u crnoj boji, kojim se posti\u017ee nje\u017ena i u\u010dinkovita kompresija u podru\u010dju gle\u017enjeva pru\u017eaju\u0107i potporu i stabilnost tijekom aktivnosti. <\/span><span>Ima silikonske jastu\u010di\u0107e koji \u0161tite ligamente i tetive.\u00a0<\/span><span>Pogodan je za uganu\u0107a i probleme sa zglobovima.<\/span><\/p>\n<p>&nbsp;<\/p>\n<p><img loading=\"lazy\" class=\"alignnone size-medium wp-image-2001\" src=\"https:\/\/www.cherka-company.ba\/wp-content\/uploads\/2022\/09\/ANATOMIC-HELP-LOGO-2-1-300x160.jpg\" alt=\"\" width=\"300\" height=\"160\" \/><\/p>\n","protected":false},"featured_media":2036,"template":"","meta":[],"product_cat":[93,65],"product_tag":[],"_links":{"self":[{"href":"https:\/\/www.cherka-company.ba\/index.php?rest_route=\/wp\/v2\/product\/2035"}],"collection":[{"href":"https:\/\/www.cherka-company.ba\/index.php?rest_route=\/wp\/v2\/product"}],"about":[{"href":"https:\/\/www.cherka-company.ba\/index.php?rest_route=\/wp\/v2\/types\/product"}],"version-history":[{"count":1,"href":"https:\/\/www.cherka-company.ba\/index.php?rest_route=\/wp\/v2\/product\/2035\/revisions"}],"predecessor-version":[{"id":2037,"href":"https:\/\/www.cherka-company.ba\/index.php?rest_route=\/wp\/v2\/product\/2035\/revisions\/2037"}],"wp:featuredmedia":[{"embeddable":true,"href":"https:\/\/www.cherka-company.ba\/index.php?rest_route=\/wp\/v2\/media\/2036"}],"wp:attachment":[{"href":"https:\/\/www.cherka-company.ba\/index.php?rest_route=%2Fwp%2Fv2%2Fmedia&parent=2035"}],"wp:term":[{"taxonomy":"product_cat","embeddable":true,"href":"https:\/\/www.cherka-company.ba\/index.php?rest_route=%2Fwp%2Fv2%2Fproduct_cat&post=2035"},{"taxonomy":"product_tag","embeddable":true,"href":"https:\/\/www.cherka-company.ba\/index.php?rest_route=%2Fwp%2Fv2%2Fproduct_tag&post=2035"}],"curies":[{"name":"wp","href":"https:\/\/api.w.org\/{rel}","templated":true}]}}