{"id":2032,"date":"2022-09-15T07:22:46","date_gmt":"2022-09-15T07:22:46","guid":{"rendered":"https:\/\/www.cherka-company.ba\/?post_type=product&#038;p=2032"},"modified":"2022-09-15T07:24:29","modified_gmt":"2022-09-15T07:24:29","slug":"steznik-za-skocni-zglob-0031","status":"publish","type":"product","link":"https:\/\/www.cherka-company.ba\/?product=steznik-za-skocni-zglob-0031","title":{"rendered":"Steznik za sko\u010dni zglob &#8211; 0031"},"content":{"rendered":"","protected":false},"excerpt":{"rendered":"<p>Neoprenska potpora za gle\u017enjeve s unutarnjom pamu\u010dnom presvlakom, s otvorenom petom i dvije elasti\u010dne trake za bolju potporu i pritisak.<\/p>\n<p>&nbsp;<\/p>\n<p><img loading=\"lazy\" class=\"alignnone size-medium wp-image-2001\" src=\"https:\/\/www.cherka-company.ba\/wp-content\/uploads\/2022\/09\/ANATOMIC-HELP-LOGO-2-1-300x160.jpg\" alt=\"\" width=\"300\" height=\"160\" \/><\/p>\n","protected":false},"featured_media":2033,"template":"","meta":[],"product_cat":[93,65],"product_tag":[],"_links":{"self":[{"href":"https:\/\/www.cherka-company.ba\/index.php?rest_route=\/wp\/v2\/product\/2032"}],"collection":[{"href":"https:\/\/www.cherka-company.ba\/index.php?rest_route=\/wp\/v2\/product"}],"about":[{"href":"https:\/\/www.cherka-company.ba\/index.php?rest_route=\/wp\/v2\/types\/product"}],"version-history":[{"count":1,"href":"https:\/\/www.cherka-company.ba\/index.php?rest_route=\/wp\/v2\/product\/2032\/revisions"}],"predecessor-version":[{"id":2034,"href":"https:\/\/www.cherka-company.ba\/index.php?rest_route=\/wp\/v2\/product\/2032\/revisions\/2034"}],"wp:featuredmedia":[{"embeddable":true,"href":"https:\/\/www.cherka-company.ba\/index.php?rest_route=\/wp\/v2\/media\/2033"}],"wp:attachment":[{"href":"https:\/\/www.cherka-company.ba\/index.php?rest_route=%2Fwp%2Fv2%2Fmedia&parent=2032"}],"wp:term":[{"taxonomy":"product_cat","embeddable":true,"href":"https:\/\/www.cherka-company.ba\/index.php?rest_route=%2Fwp%2Fv2%2Fproduct_cat&post=2032"},{"taxonomy":"product_tag","embeddable":true,"href":"https:\/\/www.cherka-company.ba\/index.php?rest_route=%2Fwp%2Fv2%2Fproduct_tag&post=2032"}],"curies":[{"name":"wp","href":"https:\/\/api.w.org\/{rel}","templated":true}]}}