{"id":2029,"date":"2022-09-15T07:17:27","date_gmt":"2022-09-15T07:17:27","guid":{"rendered":"https:\/\/www.cherka-company.ba\/?post_type=product&#038;p=2029"},"modified":"2022-09-15T07:21:50","modified_gmt":"2022-09-15T07:21:50","slug":"ortoza-za-skocni-zglobcizma-zglobna-0339","status":"publish","type":"product","link":"https:\/\/www.cherka-company.ba\/?product=ortoza-za-skocni-zglobcizma-zglobna-0339","title":{"rendered":"Ortoza za sko\u010dni zglob(\u010dizma) zglobna &#8211; 0339"},"content":{"rendered":"","protected":false},"excerpt":{"rendered":"<p>ROM pneumatska \u010dizma sa spojem za gradaciju stupnjeva i zra\u010dnom komorom koja je napuhana za bolju kontrolu tlaka. Presvu\u010deno mekom tkaninom i zavojima za bolju potporu. Idealan za imobilizaciju potkoljenice nakon operacije.<\/p>\n<p>&nbsp;<\/p>\n<p><img loading=\"lazy\" class=\"alignnone size-medium wp-image-2001\" src=\"https:\/\/www.cherka-company.ba\/wp-content\/uploads\/2022\/09\/ANATOMIC-HELP-LOGO-2-1-300x160.jpg\" alt=\"\" width=\"300\" height=\"160\" \/><\/p>\n","protected":false},"featured_media":2030,"template":"","meta":[],"product_cat":[93,65],"product_tag":[],"_links":{"self":[{"href":"https:\/\/www.cherka-company.ba\/index.php?rest_route=\/wp\/v2\/product\/2029"}],"collection":[{"href":"https:\/\/www.cherka-company.ba\/index.php?rest_route=\/wp\/v2\/product"}],"about":[{"href":"https:\/\/www.cherka-company.ba\/index.php?rest_route=\/wp\/v2\/types\/product"}],"version-history":[{"count":1,"href":"https:\/\/www.cherka-company.ba\/index.php?rest_route=\/wp\/v2\/product\/2029\/revisions"}],"predecessor-version":[{"id":2031,"href":"https:\/\/www.cherka-company.ba\/index.php?rest_route=\/wp\/v2\/product\/2029\/revisions\/2031"}],"wp:featuredmedia":[{"embeddable":true,"href":"https:\/\/www.cherka-company.ba\/index.php?rest_route=\/wp\/v2\/media\/2030"}],"wp:attachment":[{"href":"https:\/\/www.cherka-company.ba\/index.php?rest_route=%2Fwp%2Fv2%2Fmedia&parent=2029"}],"wp:term":[{"taxonomy":"product_cat","embeddable":true,"href":"https:\/\/www.cherka-company.ba\/index.php?rest_route=%2Fwp%2Fv2%2Fproduct_cat&post=2029"},{"taxonomy":"product_tag","embeddable":true,"href":"https:\/\/www.cherka-company.ba\/index.php?rest_route=%2Fwp%2Fv2%2Fproduct_tag&post=2029"}],"curies":[{"name":"wp","href":"https:\/\/api.w.org\/{rel}","templated":true}]}}