{"id":2019,"date":"2022-09-15T07:02:44","date_gmt":"2022-09-15T07:02:44","guid":{"rendered":"https:\/\/www.cherka-company.ba\/?post_type=product&#038;p=2019"},"modified":"2022-09-15T07:08:04","modified_gmt":"2022-09-15T07:08:04","slug":"ortoza-za-skocni-zglob-0331","status":"publish","type":"product","link":"https:\/\/www.cherka-company.ba\/?product=ortoza-za-skocni-zglob-0331","title":{"rendered":"Ortoza za sko\u010dni zglob &#8211; 0331"},"content":{"rendered":"","protected":false},"excerpt":{"rendered":"<p>Udlaga izra\u0111ena od presvu\u010dene 3D tkanine, s unutarnjom pamu\u010dnom presvlakom. S desne i lijeve strane ima polietilenske nosa\u010de, a s prednje strane ima vezice za bolju stabilizaciju i lak\u0161e postavljanje.<\/p>\n<p>&nbsp;<\/p>\n<p><img loading=\"lazy\" class=\"alignnone size-medium wp-image-2001\" src=\"https:\/\/www.cherka-company.ba\/wp-content\/uploads\/2022\/09\/ANATOMIC-HELP-LOGO-2-1-300x160.jpg\" alt=\"\" width=\"300\" height=\"160\" \/><\/p>\n","protected":false},"featured_media":2021,"template":"","meta":[],"product_cat":[93,65],"product_tag":[],"_links":{"self":[{"href":"https:\/\/www.cherka-company.ba\/index.php?rest_route=\/wp\/v2\/product\/2019"}],"collection":[{"href":"https:\/\/www.cherka-company.ba\/index.php?rest_route=\/wp\/v2\/product"}],"about":[{"href":"https:\/\/www.cherka-company.ba\/index.php?rest_route=\/wp\/v2\/types\/product"}],"version-history":[{"count":1,"href":"https:\/\/www.cherka-company.ba\/index.php?rest_route=\/wp\/v2\/product\/2019\/revisions"}],"predecessor-version":[{"id":2020,"href":"https:\/\/www.cherka-company.ba\/index.php?rest_route=\/wp\/v2\/product\/2019\/revisions\/2020"}],"wp:featuredmedia":[{"embeddable":true,"href":"https:\/\/www.cherka-company.ba\/index.php?rest_route=\/wp\/v2\/media\/2021"}],"wp:attachment":[{"href":"https:\/\/www.cherka-company.ba\/index.php?rest_route=%2Fwp%2Fv2%2Fmedia&parent=2019"}],"wp:term":[{"taxonomy":"product_cat","embeddable":true,"href":"https:\/\/www.cherka-company.ba\/index.php?rest_route=%2Fwp%2Fv2%2Fproduct_cat&post=2019"},{"taxonomy":"product_tag","embeddable":true,"href":"https:\/\/www.cherka-company.ba\/index.php?rest_route=%2Fwp%2Fv2%2Fproduct_tag&post=2019"}],"curies":[{"name":"wp","href":"https:\/\/api.w.org\/{rel}","templated":true}]}}