{"id":2016,"date":"2022-09-14T13:57:30","date_gmt":"2022-09-14T13:57:30","guid":{"rendered":"https:\/\/www.cherka-company.ba\/?post_type=product&#038;p=2016"},"modified":"2022-09-14T14:01:46","modified_gmt":"2022-09-14T14:01:46","slug":"ortoza-za-koljeno-0026","status":"publish","type":"product","link":"https:\/\/www.cherka-company.ba\/?product=ortoza-za-koljeno-0026","title":{"rendered":"Ortoza za koljeno 0026"},"content":{"rendered":"","protected":false},"excerpt":{"rendered":"<p>Neoprenska potpora za koljena s otvorenom patelom i unutarnjom pamu\u010dnom presvlakom, ima jastu\u010di\u0107 za dr\u017eanje koljena, 2 metalne \u017eice sa strane, trake za kri\u017ene zglobove i 2 trake za stabilizaciju.<\/p>\n<p>&nbsp;<\/p>\n<p><img loading=\"lazy\" class=\"alignnone size-medium wp-image-2001\" src=\"https:\/\/www.cherka-company.ba\/wp-content\/uploads\/2022\/09\/ANATOMIC-HELP-LOGO-2-1-300x160.jpg\" alt=\"\" width=\"300\" height=\"160\" \/><\/p>\n","protected":false},"featured_media":2017,"template":"","meta":[],"product_cat":[92,65],"product_tag":[],"_links":{"self":[{"href":"https:\/\/www.cherka-company.ba\/index.php?rest_route=\/wp\/v2\/product\/2016"}],"collection":[{"href":"https:\/\/www.cherka-company.ba\/index.php?rest_route=\/wp\/v2\/product"}],"about":[{"href":"https:\/\/www.cherka-company.ba\/index.php?rest_route=\/wp\/v2\/types\/product"}],"version-history":[{"count":1,"href":"https:\/\/www.cherka-company.ba\/index.php?rest_route=\/wp\/v2\/product\/2016\/revisions"}],"predecessor-version":[{"id":2018,"href":"https:\/\/www.cherka-company.ba\/index.php?rest_route=\/wp\/v2\/product\/2016\/revisions\/2018"}],"wp:featuredmedia":[{"embeddable":true,"href":"https:\/\/www.cherka-company.ba\/index.php?rest_route=\/wp\/v2\/media\/2017"}],"wp:attachment":[{"href":"https:\/\/www.cherka-company.ba\/index.php?rest_route=%2Fwp%2Fv2%2Fmedia&parent=2016"}],"wp:term":[{"taxonomy":"product_cat","embeddable":true,"href":"https:\/\/www.cherka-company.ba\/index.php?rest_route=%2Fwp%2Fv2%2Fproduct_cat&post=2016"},{"taxonomy":"product_tag","embeddable":true,"href":"https:\/\/www.cherka-company.ba\/index.php?rest_route=%2Fwp%2Fv2%2Fproduct_tag&post=2016"}],"curies":[{"name":"wp","href":"https:\/\/api.w.org\/{rel}","templated":true}]}}