{"id":2014,"date":"2022-09-14T13:54:20","date_gmt":"2022-09-14T13:54:20","guid":{"rendered":"https:\/\/www.cherka-company.ba\/?post_type=product&#038;p=2014"},"modified":"2022-09-14T13:55:26","modified_gmt":"2022-09-14T13:55:26","slug":"ortoza-za-donji-dio-ledja-30cm-3187","status":"publish","type":"product","link":"https:\/\/www.cherka-company.ba\/?product=ortoza-za-donji-dio-ledja-30cm-3187","title":{"rendered":"Ortoza za donji dio le\u0111a 30cm &#8211; 3187"},"content":{"rendered":"","protected":false},"excerpt":{"rendered":"<p>Prozra\u010dni elasti\u010dni remen pleten od potke. Ima 4 ulo\u0161ka i 2 dodatna zavoja u podru\u010dju struka, posebno dizajnirana za lak\u0161e kretanje.<\/p>\n<p><img loading=\"lazy\" class=\"alignnone size-medium wp-image-2001\" src=\"https:\/\/www.cherka-company.ba\/wp-content\/uploads\/2022\/09\/ANATOMIC-HELP-LOGO-2-1-300x160.jpg\" alt=\"\" width=\"300\" height=\"160\" \/><\/p>\n","protected":false},"featured_media":2011,"template":"","meta":[],"product_cat":[91,65],"product_tag":[],"_links":{"self":[{"href":"https:\/\/www.cherka-company.ba\/index.php?rest_route=\/wp\/v2\/product\/2014"}],"collection":[{"href":"https:\/\/www.cherka-company.ba\/index.php?rest_route=\/wp\/v2\/product"}],"about":[{"href":"https:\/\/www.cherka-company.ba\/index.php?rest_route=\/wp\/v2\/types\/product"}],"version-history":[{"count":1,"href":"https:\/\/www.cherka-company.ba\/index.php?rest_route=\/wp\/v2\/product\/2014\/revisions"}],"predecessor-version":[{"id":2015,"href":"https:\/\/www.cherka-company.ba\/index.php?rest_route=\/wp\/v2\/product\/2014\/revisions\/2015"}],"wp:featuredmedia":[{"embeddable":true,"href":"https:\/\/www.cherka-company.ba\/index.php?rest_route=\/wp\/v2\/media\/2011"}],"wp:attachment":[{"href":"https:\/\/www.cherka-company.ba\/index.php?rest_route=%2Fwp%2Fv2%2Fmedia&parent=2014"}],"wp:term":[{"taxonomy":"product_cat","embeddable":true,"href":"https:\/\/www.cherka-company.ba\/index.php?rest_route=%2Fwp%2Fv2%2Fproduct_cat&post=2014"},{"taxonomy":"product_tag","embeddable":true,"href":"https:\/\/www.cherka-company.ba\/index.php?rest_route=%2Fwp%2Fv2%2Fproduct_tag&post=2014"}],"curies":[{"name":"wp","href":"https:\/\/api.w.org\/{rel}","templated":true}]}}