{"id":2010,"date":"2022-09-14T13:50:59","date_gmt":"2022-09-14T13:50:59","guid":{"rendered":"https:\/\/www.cherka-company.ba\/?post_type=product&#038;p=2010"},"modified":"2022-09-14T13:54:10","modified_gmt":"2022-09-14T13:54:10","slug":"ortoza-za-rucni-zglob-0050-kopiraj","status":"publish","type":"product","link":"https:\/\/www.cherka-company.ba\/?product=ortoza-za-rucni-zglob-0050-kopiraj","title":{"rendered":"Ortoza za donji dio le\u0111a 21cm &#8211; 0187"},"content":{"rendered":"","protected":false},"excerpt":{"rendered":"<p>Prozra\u010dni elasti\u010dni remen pleten od potke. Ima 4 ulo\u0161ka i 2 dodatna zavoja u podru\u010dju struka, posebno dizajnirana za lak\u0161e kretanje.<\/p>\n<p><img loading=\"lazy\" class=\"alignnone size-medium wp-image-2001\" src=\"https:\/\/www.cherka-company.ba\/wp-content\/uploads\/2022\/09\/ANATOMIC-HELP-LOGO-2-1-300x160.jpg\" alt=\"\" width=\"300\" height=\"160\" \/><\/p>\n","protected":false},"featured_media":2011,"template":"","meta":[],"product_cat":[91,65],"product_tag":[],"_links":{"self":[{"href":"https:\/\/www.cherka-company.ba\/index.php?rest_route=\/wp\/v2\/product\/2010"}],"collection":[{"href":"https:\/\/www.cherka-company.ba\/index.php?rest_route=\/wp\/v2\/product"}],"about":[{"href":"https:\/\/www.cherka-company.ba\/index.php?rest_route=\/wp\/v2\/types\/product"}],"version-history":[{"count":2,"href":"https:\/\/www.cherka-company.ba\/index.php?rest_route=\/wp\/v2\/product\/2010\/revisions"}],"predecessor-version":[{"id":2013,"href":"https:\/\/www.cherka-company.ba\/index.php?rest_route=\/wp\/v2\/product\/2010\/revisions\/2013"}],"wp:featuredmedia":[{"embeddable":true,"href":"https:\/\/www.cherka-company.ba\/index.php?rest_route=\/wp\/v2\/media\/2011"}],"wp:attachment":[{"href":"https:\/\/www.cherka-company.ba\/index.php?rest_route=%2Fwp%2Fv2%2Fmedia&parent=2010"}],"wp:term":[{"taxonomy":"product_cat","embeddable":true,"href":"https:\/\/www.cherka-company.ba\/index.php?rest_route=%2Fwp%2Fv2%2Fproduct_cat&post=2010"},{"taxonomy":"product_tag","embeddable":true,"href":"https:\/\/www.cherka-company.ba\/index.php?rest_route=%2Fwp%2Fv2%2Fproduct_tag&post=2010"}],"curies":[{"name":"wp","href":"https:\/\/api.w.org\/{rel}","templated":true}]}}