{"id":2007,"date":"2022-09-14T13:47:48","date_gmt":"2022-09-14T13:47:48","guid":{"rendered":"https:\/\/www.cherka-company.ba\/?post_type=product&#038;p=2007"},"modified":"2022-09-14T13:49:32","modified_gmt":"2022-09-14T13:49:32","slug":"ortoza-za-rucni-zglob-0050","status":"publish","type":"product","link":"https:\/\/www.cherka-company.ba\/?product=ortoza-za-rucni-zglob-0050","title":{"rendered":"Ortoza za ru\u010dni zglob &#8211; 0050"},"content":{"rendered":"","protected":false},"excerpt":{"rendered":"<p>Neoprenska obloga za zglob s unutarnjim pamu\u010dnim premazom i zavojem na zglobu za bolji pritisak. Pove\u0107anje temperature, ubla\u017eavanje boli. Preporu\u010da se kod prijeloma, ozljeda i oporavka. Zatvara se na kuku i petlju.<\/p>\n<p><img loading=\"lazy\" class=\"alignnone size-medium wp-image-2001\" src=\"https:\/\/www.cherka-company.ba\/wp-content\/uploads\/2022\/09\/ANATOMIC-HELP-LOGO-2-1-300x160.jpg\" alt=\"\" width=\"300\" height=\"160\" \/><\/p>\n","protected":false},"featured_media":2008,"template":"","meta":[],"product_cat":[65,90],"product_tag":[],"_links":{"self":[{"href":"https:\/\/www.cherka-company.ba\/index.php?rest_route=\/wp\/v2\/product\/2007"}],"collection":[{"href":"https:\/\/www.cherka-company.ba\/index.php?rest_route=\/wp\/v2\/product"}],"about":[{"href":"https:\/\/www.cherka-company.ba\/index.php?rest_route=\/wp\/v2\/types\/product"}],"version-history":[{"count":1,"href":"https:\/\/www.cherka-company.ba\/index.php?rest_route=\/wp\/v2\/product\/2007\/revisions"}],"predecessor-version":[{"id":2009,"href":"https:\/\/www.cherka-company.ba\/index.php?rest_route=\/wp\/v2\/product\/2007\/revisions\/2009"}],"wp:featuredmedia":[{"embeddable":true,"href":"https:\/\/www.cherka-company.ba\/index.php?rest_route=\/wp\/v2\/media\/2008"}],"wp:attachment":[{"href":"https:\/\/www.cherka-company.ba\/index.php?rest_route=%2Fwp%2Fv2%2Fmedia&parent=2007"}],"wp:term":[{"taxonomy":"product_cat","embeddable":true,"href":"https:\/\/www.cherka-company.ba\/index.php?rest_route=%2Fwp%2Fv2%2Fproduct_cat&post=2007"},{"taxonomy":"product_tag","embeddable":true,"href":"https:\/\/www.cherka-company.ba\/index.php?rest_route=%2Fwp%2Fv2%2Fproduct_tag&post=2007"}],"curies":[{"name":"wp","href":"https:\/\/api.w.org\/{rel}","templated":true}]}}