{"id":1933,"date":"2022-09-13T07:24:53","date_gmt":"2022-09-13T07:24:53","guid":{"rendered":"https:\/\/www.cherka-company.ba\/?post_type=product&#038;p=1933"},"modified":"2022-09-16T08:03:10","modified_gmt":"2022-09-16T08:03:10","slug":"brava-prsten-za-stomu","status":"publish","type":"product","link":"https:\/\/www.cherka-company.ba\/?product=brava-prsten-za-stomu","title":{"rendered":"Brava\u00ae prsten za stomu"},"content":{"rendered":"<p><iframe loading=\"lazy\" title=\"Brava\u00ae Mouldable Ring\" width=\"1140\" height=\"641\" src=\"https:\/\/www.youtube.com\/embed\/uklyPQlxabw?feature=oembed\" frameborder=\"0\" allow=\"accelerometer; autoplay; clipboard-write; encrypted-media; gyroscope; picture-in-picture\" allowfullscreen><\/iframe><\/p>\n","protected":false},"excerpt":{"rendered":"<p>Izdr\u017eljivi prsten koji omogu\u0107uje bolje prijanjanje<\/p>\n<p>Brava\u00ae Moldable Ring stvara izdr\u017eljivu sponu izme\u0111u stome i plo\u010dice. Jednostavan je za kori\u0161tenje i mo\u017ee se oblikovati kako bi odgovarao va\u0161em obliku tijela.<\/p>\n<p><img loading=\"lazy\" class=\"alignnone size-medium wp-image-2088\" src=\"https:\/\/www.cherka-company.ba\/wp-content\/uploads\/2022\/08\/Coloplast-300x68.jpg\" alt=\"\" width=\"300\" height=\"68\" \/><\/p>\n","protected":false},"featured_media":1934,"template":"","meta":[],"product_cat":[102,47],"product_tag":[],"_links":{"self":[{"href":"https:\/\/www.cherka-company.ba\/index.php?rest_route=\/wp\/v2\/product\/1933"}],"collection":[{"href":"https:\/\/www.cherka-company.ba\/index.php?rest_route=\/wp\/v2\/product"}],"about":[{"href":"https:\/\/www.cherka-company.ba\/index.php?rest_route=\/wp\/v2\/types\/product"}],"version-history":[{"count":4,"href":"https:\/\/www.cherka-company.ba\/index.php?rest_route=\/wp\/v2\/product\/1933\/revisions"}],"predecessor-version":[{"id":2094,"href":"https:\/\/www.cherka-company.ba\/index.php?rest_route=\/wp\/v2\/product\/1933\/revisions\/2094"}],"wp:featuredmedia":[{"embeddable":true,"href":"https:\/\/www.cherka-company.ba\/index.php?rest_route=\/wp\/v2\/media\/1934"}],"wp:attachment":[{"href":"https:\/\/www.cherka-company.ba\/index.php?rest_route=%2Fwp%2Fv2%2Fmedia&parent=1933"}],"wp:term":[{"taxonomy":"product_cat","embeddable":true,"href":"https:\/\/www.cherka-company.ba\/index.php?rest_route=%2Fwp%2Fv2%2Fproduct_cat&post=1933"},{"taxonomy":"product_tag","embeddable":true,"href":"https:\/\/www.cherka-company.ba\/index.php?rest_route=%2Fwp%2Fv2%2Fproduct_tag&post=1933"}],"curies":[{"name":"wp","href":"https:\/\/api.w.org\/{rel}","templated":true}]}}