{"id":1872,"date":"2022-09-08T08:45:24","date_gmt":"2022-09-08T08:45:24","guid":{"rendered":"https:\/\/www.cherka-company.ba\/?post_type=product&#038;p=1872"},"modified":"2022-09-20T07:35:53","modified_gmt":"2022-09-20T07:35:53","slug":"toaletno-povisenje-sa-ruckama","status":"publish","type":"product","link":"https:\/\/www.cherka-company.ba\/?product=toaletno-povisenje-sa-ruckama","title":{"rendered":"Toaletno povi\u0161enje sa ru\u010dkama"},"content":{"rendered":"<p>Ova linija podignutih WC sjedala dizajnirana je za one koji imaju pote\u0161ko\u0107a u sjedenju ili stajanju dok koriste WC, uklju\u010duju\u0107i starije osobe, postoperativne pacijente i korisnike invalidskih kolica kako bi se olak\u0161ao prijenos sa stolca na WC.<\/p>\n<p>\u2022 Jednostavna monta\u017ea bez alata.<br \/>\n\u2022 Lako se \u010disti.<br \/>\n\u2022 Mo\u017ee se prati u perilici posu\u0111a.<br \/>\n\u2022 Bez odr\u017eavanja.<\/p>\n<p><span style=\"color: #ff0000\">UPOZORENJE<\/span>: OGRANI\u010cENJE OPTERE\u0106ENJA NA NASLON ZA RUKU 40KG<\/p>\n<p>Nasloni za ruke imaju za cilj pomo\u0107i korisniku da nastavi sjediti u mirnijem polo\u017eaju i pru\u017eiti dodatnu potporu na koju mo\u017ee rasteretiti dio tjelesne te\u017eine prilikom sjedenja ili ustajanja. Me\u0111utim, ne smiju se koristiti za potpuno oslanjanje na njih. Za sigurnu uporabu nemojte prekora\u010diti maksimalno optere\u0107enje posebno preporu\u010deno za naslone za ruke<\/p>\n<p>&nbsp;<\/p>\n","protected":false},"excerpt":{"rendered":"<p><img loading=\"lazy\" class=\"alignnone size-medium wp-image-2148\" src=\"https:\/\/www.cherka-company.ba\/wp-content\/uploads\/2022\/09\/mobiak-300x150.png\" alt=\"\" width=\"300\" height=\"150\" \/><\/p>\n","protected":false},"featured_media":1875,"template":"","meta":[],"product_cat":[58,63],"product_tag":[],"_links":{"self":[{"href":"https:\/\/www.cherka-company.ba\/index.php?rest_route=\/wp\/v2\/product\/1872"}],"collection":[{"href":"https:\/\/www.cherka-company.ba\/index.php?rest_route=\/wp\/v2\/product"}],"about":[{"href":"https:\/\/www.cherka-company.ba\/index.php?rest_route=\/wp\/v2\/types\/product"}],"version-history":[{"count":4,"href":"https:\/\/www.cherka-company.ba\/index.php?rest_route=\/wp\/v2\/product\/1872\/revisions"}],"predecessor-version":[{"id":2154,"href":"https:\/\/www.cherka-company.ba\/index.php?rest_route=\/wp\/v2\/product\/1872\/revisions\/2154"}],"wp:featuredmedia":[{"embeddable":true,"href":"https:\/\/www.cherka-company.ba\/index.php?rest_route=\/wp\/v2\/media\/1875"}],"wp:attachment":[{"href":"https:\/\/www.cherka-company.ba\/index.php?rest_route=%2Fwp%2Fv2%2Fmedia&parent=1872"}],"wp:term":[{"taxonomy":"product_cat","embeddable":true,"href":"https:\/\/www.cherka-company.ba\/index.php?rest_route=%2Fwp%2Fv2%2Fproduct_cat&post=1872"},{"taxonomy":"product_tag","embeddable":true,"href":"https:\/\/www.cherka-company.ba\/index.php?rest_route=%2Fwp%2Fv2%2Fproduct_tag&post=1872"}],"curies":[{"name":"wp","href":"https:\/\/api.w.org\/{rel}","templated":true}]}}