{"id":1846,"date":"2022-09-06T11:13:19","date_gmt":"2022-09-06T11:13:19","guid":{"rendered":"https:\/\/www.cherka-company.ba\/?post_type=product&#038;p=1846"},"modified":"2022-09-16T18:55:49","modified_gmt":"2022-09-16T18:55:49","slug":"preventivne-carape-za-vene-natkoljenice-sa-postupnom-kompresijom","status":"publish","type":"product","link":"https:\/\/www.cherka-company.ba\/?product=preventivne-carape-za-vene-natkoljenice-sa-postupnom-kompresijom","title":{"rendered":"Preventivne \u010darape za vene &#8211; natkoljenice sa postupnom kompresijom"},"content":{"rendered":"<p>Natkoljenice uz laganu, jaku ili vrlo jaku postupnu kompresiju. S gornjim dijelom od silikonske \u010dipke, sa\u0107astom mre\u017eom.<\/p>\n","protected":false},"excerpt":{"rendered":"<p><img loading=\"lazy\" class=\"alignnone wp-image-1849 size-full\" src=\"https:\/\/www.cherka-company.ba\/wp-content\/uploads\/2022\/09\/tab-sheer-calza-196249.jpg\" alt=\"\" width=\"1784\" height=\"872\" srcset=\"https:\/\/www.cherka-company.ba\/wp-content\/uploads\/2022\/09\/tab-sheer-calza-196249.jpg 1784w, https:\/\/www.cherka-company.ba\/wp-content\/uploads\/2022\/09\/tab-sheer-calza-196249-1024x501.jpg 1024w, https:\/\/www.cherka-company.ba\/wp-content\/uploads\/2022\/09\/tab-sheer-calza-196249-768x375.jpg 768w, https:\/\/www.cherka-company.ba\/wp-content\/uploads\/2022\/09\/tab-sheer-calza-196249-1536x751.jpg 1536w, https:\/\/www.cherka-company.ba\/wp-content\/uploads\/2022\/09\/tab-sheer-calza-196249-640x313.jpg 640w, https:\/\/www.cherka-company.ba\/wp-content\/uploads\/2022\/09\/tab-sheer-calza-196249-400x196.jpg 400w, https:\/\/www.cherka-company.ba\/wp-content\/uploads\/2022\/09\/tab-sheer-calza-196249-600x293.jpg 600w\" sizes=\"(max-width: 1784px) 100vw, 1784px\" \/><\/p>\n<p><img loading=\"lazy\" class=\"alignnone wp-image-1844 size-full\" src=\"https:\/\/www.cherka-company.ba\/wp-content\/uploads\/2022\/09\/logo-sanyleg.jpg\" alt=\"\" width=\"392\" height=\"129\" \/><\/p>\n","protected":false},"featured_media":1847,"template":"","meta":[],"product_cat":[69,70],"product_tag":[],"_links":{"self":[{"href":"https:\/\/www.cherka-company.ba\/index.php?rest_route=\/wp\/v2\/product\/1846"}],"collection":[{"href":"https:\/\/www.cherka-company.ba\/index.php?rest_route=\/wp\/v2\/product"}],"about":[{"href":"https:\/\/www.cherka-company.ba\/index.php?rest_route=\/wp\/v2\/types\/product"}],"version-history":[{"count":1,"href":"https:\/\/www.cherka-company.ba\/index.php?rest_route=\/wp\/v2\/product\/1846\/revisions"}],"predecessor-version":[{"id":1850,"href":"https:\/\/www.cherka-company.ba\/index.php?rest_route=\/wp\/v2\/product\/1846\/revisions\/1850"}],"wp:featuredmedia":[{"embeddable":true,"href":"https:\/\/www.cherka-company.ba\/index.php?rest_route=\/wp\/v2\/media\/1847"}],"wp:attachment":[{"href":"https:\/\/www.cherka-company.ba\/index.php?rest_route=%2Fwp%2Fv2%2Fmedia&parent=1846"}],"wp:term":[{"taxonomy":"product_cat","embeddable":true,"href":"https:\/\/www.cherka-company.ba\/index.php?rest_route=%2Fwp%2Fv2%2Fproduct_cat&post=1846"},{"taxonomy":"product_tag","embeddable":true,"href":"https:\/\/www.cherka-company.ba\/index.php?rest_route=%2Fwp%2Fv2%2Fproduct_tag&post=1846"}],"curies":[{"name":"wp","href":"https:\/\/api.w.org\/{rel}","templated":true}]}}