{"id":1828,"date":"2022-09-06T07:47:53","date_gmt":"2022-09-06T07:47:53","guid":{"rendered":"https:\/\/www.cherka-company.ba\/?post_type=product&#038;p=1828"},"modified":"2022-09-06T08:06:53","modified_gmt":"2022-09-06T08:06:53","slug":"sanviflon-i-v-kanila","status":"publish","type":"product","link":"https:\/\/www.cherka-company.ba\/?product=sanviflon-i-v-kanila","title":{"rendered":"SANVIflon I.V. kanila"},"content":{"rendered":"<p>Za kaniliranje intravenskih perifernih \u017eila:<br \/>\nvi\u0161estruke injekcije intravenskih lijekova<br \/>\nintravenska infuzija otopina i parenteralna prehrana<br \/>\nprikladna za periferne vene<br \/>\nodr\u017eavati hidraciju bolesnika i\/ili smanjiti dehidraciju ako bolesnik ne mo\u017ee uzeti dovoljno teku\u0107ine oralno<br \/>\ntransfuzije krvi i pripravci sli\u010dni krvi<br \/>\nosiguranje vaskularnog pristupa u slu\u010daju potrebe za brzom dostavom lijekova, posebno tijekom dijagnosti\u010dkih i terapijskih postupaka<\/p>\n<p>ZNA\u010cAJKE:<br \/>\n&#8211; Igla (stilet) izra\u0111ena od nehr\u0111aju\u0107eg \u010delika s unazad zasje\u010denom o\u0161tricom<br \/>\n&#8211; Kanila kateter izra\u0111ena od teflona (FEP), opremljena s 4 radiokontaktne linije<\/p>\n<p>&#8211; Kanila opremljena krilcima i ru\u010dno zatvorenom kapicom gornjeg otvora kodirane bojom prema veli\u010dini<br \/>\n&#8211; Ru\u010dka koja omogu\u0107uje umetanje jednom rukom<br \/>\n&#8211; Ventil koji sprje\u010dava istjecanje krvi prema van nakon umetanja kanile u \u017eilu<br \/>\n&#8211; Povratna komora osigurana luer lock kapicom<br \/>\n&#8211; Dostupne u razli\u010ditim veli\u010dinama od 14 G do 26 G<br \/>\n&#8211; Jednokratna upotreba<br \/>\n&#8211; latex-free<br \/>\n&#8211; phthalate-free<br \/>\n&#8211; EO sterilizirano<br \/>\n&#8211; pakiranje: 1 kom. \u2013 tvrdi blister (PVC + lakirani papir) sa tiskom u boji u skladu sa identifikacijom veli\u010dine<\/p>\n","protected":false},"excerpt":{"rendered":"<p><img loading=\"lazy\" class=\"alignnone wp-image-1830 size-full\" src=\"https:\/\/www.cherka-company.ba\/wp-content\/uploads\/2022\/09\/sanviflon-tablica.jpg\" alt=\"\" width=\"718\" height=\"198\" srcset=\"https:\/\/www.cherka-company.ba\/wp-content\/uploads\/2022\/09\/sanviflon-tablica.jpg 718w, https:\/\/www.cherka-company.ba\/wp-content\/uploads\/2022\/09\/sanviflon-tablica-640x176.jpg 640w, https:\/\/www.cherka-company.ba\/wp-content\/uploads\/2022\/09\/sanviflon-tablica-400x110.jpg 400w, https:\/\/www.cherka-company.ba\/wp-content\/uploads\/2022\/09\/sanviflon-tablica-600x165.jpg 600w\" sizes=\"(max-width: 718px) 100vw, 718px\" \/><\/p>\n","protected":false},"featured_media":1829,"template":"","meta":[],"product_cat":[95],"product_tag":[],"_links":{"self":[{"href":"https:\/\/www.cherka-company.ba\/index.php?rest_route=\/wp\/v2\/product\/1828"}],"collection":[{"href":"https:\/\/www.cherka-company.ba\/index.php?rest_route=\/wp\/v2\/product"}],"about":[{"href":"https:\/\/www.cherka-company.ba\/index.php?rest_route=\/wp\/v2\/types\/product"}],"version-history":[{"count":2,"href":"https:\/\/www.cherka-company.ba\/index.php?rest_route=\/wp\/v2\/product\/1828\/revisions"}],"predecessor-version":[{"id":1837,"href":"https:\/\/www.cherka-company.ba\/index.php?rest_route=\/wp\/v2\/product\/1828\/revisions\/1837"}],"wp:featuredmedia":[{"embeddable":true,"href":"https:\/\/www.cherka-company.ba\/index.php?rest_route=\/wp\/v2\/media\/1829"}],"wp:attachment":[{"href":"https:\/\/www.cherka-company.ba\/index.php?rest_route=%2Fwp%2Fv2%2Fmedia&parent=1828"}],"wp:term":[{"taxonomy":"product_cat","embeddable":true,"href":"https:\/\/www.cherka-company.ba\/index.php?rest_route=%2Fwp%2Fv2%2Fproduct_cat&post=1828"},{"taxonomy":"product_tag","embeddable":true,"href":"https:\/\/www.cherka-company.ba\/index.php?rest_route=%2Fwp%2Fv2%2Fproduct_tag&post=1828"}],"curies":[{"name":"wp","href":"https:\/\/api.w.org\/{rel}","templated":true}]}}