{"id":1815,"date":"2022-09-06T07:08:18","date_gmt":"2022-09-06T07:08:18","guid":{"rendered":"https:\/\/www.cherka-company.ba\/?post_type=product&#038;p=1815"},"modified":"2022-09-16T08:15:33","modified_gmt":"2022-09-16T08:15:33","slug":"dispofine-igle-za-sprice","status":"publish","type":"product","link":"https:\/\/www.cherka-company.ba\/?product=dispofine-igle-za-sprice","title":{"rendered":"dispoFINE Igle za davanje inekcija"},"content":{"rendered":"<p>Proizvod dizajniran za intravenozno, intramuskularno,<br \/>\npodko\u017eno davanje injekcija<\/p>\n<p>ZNA\u010cAJKE:<br \/>\n&#8211; Cijev igle izra\u0111ena je od glatkog i izdr\u017eljivog nehr\u0111aju\u0107eg \u010delika<br \/>\n&#8211; Pla\u0161t i nosa\u010d igle od polipropilena<br \/>\n&#8211; Tanke stijenke osiguravaju odgovaraju\u0107u brzinu struje<br \/>\n&#8211; Vrh nao\u0161tren u tri povr\u0161ine (stra\u017enji rez)<br \/>\n&#8211; Tip sko\u0161enja: LB\/BL standardni dugi skos<br \/>\n&#8211; Mala sila ubrizgavanja i klizanja<br \/>\n&#8211; Povr\u0161ina cijevi igle prekrivena sredstvom za klizanje (silikon)<br \/>\n&#8211; Zalijepljeni igli\u010dasti elementi za sprje\u010davanje njihovog odvajanja<br \/>\n(ljepilo &#8211; epoksidna smola)<br \/>\n&#8211; Nosa\u010di igle obojeni u skladu s ISO kodom omogu\u0107uju brzo<br \/>\nprepoznavanje veli\u010dine igle<br \/>\n&#8211; Latex-free, phthalate-free<br \/>\n&#8211; Non-toxic, non-pyrogenic<br \/>\n&#8211; EO sterilized<br \/>\n&#8211; Rok upotrebe: 5 godina<br \/>\n&#8211; Pakiranje: 1 kom.\/umotano<\/p>\n","protected":false},"excerpt":{"rendered":"<p><span style=\"font-size: 22px\"><img loading=\"lazy\" class=\"alignnone wp-image-1816 size-full\" src=\"https:\/\/www.cherka-company.ba\/wp-content\/uploads\/2022\/09\/Igle.jpg\" alt=\"\" width=\"721\" height=\"423\" srcset=\"https:\/\/www.cherka-company.ba\/wp-content\/uploads\/2022\/09\/Igle.jpg 721w, https:\/\/www.cherka-company.ba\/wp-content\/uploads\/2022\/09\/Igle-640x375.jpg 640w, https:\/\/www.cherka-company.ba\/wp-content\/uploads\/2022\/09\/Igle-400x235.jpg 400w, https:\/\/www.cherka-company.ba\/wp-content\/uploads\/2022\/09\/Igle-600x352.jpg 600w\" sizes=\"(max-width: 721px) 100vw, 721px\" \/><\/span><\/p>\n<p><img loading=\"lazy\" class=\"alignnone size-full wp-image-2109\" src=\"https:\/\/www.cherka-company.ba\/wp-content\/uploads\/2022\/09\/zarys.png\" alt=\"\" width=\"250\" height=\"277\" \/><\/p>\n","protected":false},"featured_media":1818,"template":"","meta":[],"product_cat":[95],"product_tag":[],"_links":{"self":[{"href":"https:\/\/www.cherka-company.ba\/index.php?rest_route=\/wp\/v2\/product\/1815"}],"collection":[{"href":"https:\/\/www.cherka-company.ba\/index.php?rest_route=\/wp\/v2\/product"}],"about":[{"href":"https:\/\/www.cherka-company.ba\/index.php?rest_route=\/wp\/v2\/types\/product"}],"version-history":[{"count":4,"href":"https:\/\/www.cherka-company.ba\/index.php?rest_route=\/wp\/v2\/product\/1815\/revisions"}],"predecessor-version":[{"id":2117,"href":"https:\/\/www.cherka-company.ba\/index.php?rest_route=\/wp\/v2\/product\/1815\/revisions\/2117"}],"wp:featuredmedia":[{"embeddable":true,"href":"https:\/\/www.cherka-company.ba\/index.php?rest_route=\/wp\/v2\/media\/1818"}],"wp:attachment":[{"href":"https:\/\/www.cherka-company.ba\/index.php?rest_route=%2Fwp%2Fv2%2Fmedia&parent=1815"}],"wp:term":[{"taxonomy":"product_cat","embeddable":true,"href":"https:\/\/www.cherka-company.ba\/index.php?rest_route=%2Fwp%2Fv2%2Fproduct_cat&post=1815"},{"taxonomy":"product_tag","embeddable":true,"href":"https:\/\/www.cherka-company.ba\/index.php?rest_route=%2Fwp%2Fv2%2Fproduct_tag&post=1815"}],"curies":[{"name":"wp","href":"https:\/\/api.w.org\/{rel}","templated":true}]}}