{"id":1771,"date":"2022-09-02T06:51:01","date_gmt":"2022-09-02T06:51:01","guid":{"rendered":"https:\/\/www.cherka-company.ba\/?post_type=product&#038;p=1771"},"modified":"2022-09-16T18:56:26","modified_gmt":"2022-09-16T18:56:26","slug":"vitahealth-flasteri","status":"publish","type":"product","link":"https:\/\/www.cherka-company.ba\/?product=vitahealth-flasteri","title":{"rendered":"VitaHealth flasteri"},"content":{"rendered":"<p>Asortiman vitahealth flastera sastoji se od 12 setova namijenjenih razli\u010ditim ciljnim skupinama i vrstama ozljeda.<\/p>\n<p>Takav koncept olak\u0161ava odabir odgovaraju\u0107eg flastera i skra\u0107uje vrijeme u\u010dvr\u0161\u0107ivanja rane. Dizajneri su uzeli u obzir potrebe mla\u0111ih i starijih pacijenata.<\/p>\n<p><span style=\"color: #000000\"><span style=\"color: #33cccc\">KIDS<\/span>pro<\/span> setovi, mekani, fleksibilni flasteri prilago\u0111eni tijelu za djecu koji pru\u017eaju slobodu kretanja. Bajkoviti printovi koji usmjeravaju pa\u017enju na \u0161arene slike olak\u0161avaju djeci da zaborave na bol.<\/p>\n<p><span style=\"color: #cc99ff\">NOVI<\/span>plast i <span style=\"color: #ff6600\">FABRI<\/span>plast setovi flastera za rezanje s neljepljivom upijaju\u0107om podlogom. Jedini na tr\u017ei\u0161tu koji uklju\u010duju \u0161kare. Dizajniran za ljude koji vole aktivan stil \u017eivota.<\/p>\n<p><span style=\"color: #ffcc99\">HANDS<\/span>pro set zavoja za ruke funkcionalnih, profiliranih oblika. Proizvod je neophodan u svakoj kuhinji i radionici &#8211; mjestima gdje se prsti i ruke najlak\u0161e ozlje\u0111uju.<\/p>\n<p><span style=\"color: #ff6600\">S.O.S<\/span> set &#8211; prakti\u010dan gadget za aktivnu, snala\u017eljivu \u017eenu. Tanak, prakti\u010dan paket \u0107e stati &#8211; \u010dak i &#8211; u najmanju ru\u010dnu torbicu. Predmet zavisti mnogih mu\u0161karaca. SOS. flasteri se \u010desto posu\u0111uju kao i krema za o\u010di.<\/p>\n<p><span style=\"color: #33cccc\">AQUA<\/span>pro kit u\u010dinkovito \u0161titi ranu od vode i prljav\u0161tine, pravokutni oblik osigurava potpunu izolaciju od vode. To vrijedi imati na umu pri planiranju odlaska na more, jezero ili trening plivanja. Tako\u0111er se pokazuju korisnima kada je potrebno \u010desto pranje ruku.<\/p>\n<p><span style=\"color: #ff9900\">ACTIVE<\/span>pro kit je set fleksibilnih flastera koji se prilago\u0111avaju obliku tijela osiguravaju\u0107i odgovaraju\u0107u slobodu kretanja i odgovaraju\u0107u za\u0161titu mjesta nano\u0161enja. &#8220;Odrasli&#8221; ekvivalent dje\u010djih flastera namijenjen je ljudima koji balansiraju izme\u0111u ozbiljnosti i zabave i avanture.<\/p>\n<p><span style=\"color: #0000ff\">TRANSPARENT<\/span> &#8211; set namijenjen za previjanje manjih rana i posjekotina, posebno na rukama ili licu. Zahvaljuju\u0107i tankoj i mikroporoznoj strukturi flastera ubrzavaju proces cijeljenja. Prozirni materijal \u010dini ih nevidljivima. Stoga su prikladni za rane na rukama i licu.<\/p>\n<p><span style=\"color: #ffcc99\">SENSITIVE<\/span> &#8211; set za osobe s osjetljivom, o\u0161te\u0107enom ili trofi\u010dki promijenjenom ko\u017eom. Kori\u0161tenje jednog od najdelikatnijih ljepila na tr\u017ei\u0161tu savr\u0161eno je za bezbolno previjanje posjekotina.<\/p>\n<p>Multifunkcionalna pakiranja: <span style=\"color: #ff0000\">Universal<\/span> i <span style=\"color: #99cc00\">FAMILY<\/span>pro sadr\u017ee svaki izbor flastera razli\u010ditih karakteristika i oblika za sveobuhvatnu za\u0161titu povr\u0161inskih posjekotina, ogrebotina, posjekotina na ko\u017ei.<\/p>\n<p>Liniju upotpunjuju <span style=\"color: #c9c906\">SOFT<\/span>plast i <span style=\"color: #cc99ff\">SENSI<\/span>plast ljepljive trake kod kojih struktura upotrijebljenog materijala omogu\u0107uje rezanje ljepila bez potrebe za kori\u0161tenjem \u0161kara.<\/p>\n<p>Savr\u0161en komplet prve pomo\u0107i<br \/>\nBrend vitahealth razvijat \u0107e se i nadopunjavati novim proizvodima. Njihovom upotrebom svatko \u0107e za sebe mo\u0107i stvoriti najprikladniji pribor prve pomo\u0107i.<\/p>\n<p>&nbsp;<\/p>\n","protected":false},"excerpt":{"rendered":"<p>AQUApro<br \/>\nACTIVEpro<br \/>\nHANDSpro<br \/>\nFAMILYpro<br \/>\nKIDSpro Boys<br \/>\nKIDSpro Girls<br \/>\nSENSITIVE<br \/>\nTRANSPARENT<br \/>\nUNIVERSAL<br \/>\nS.O.S.<br \/>\nFABRIplast<\/p>\n<p><a href=\"https:\/\/www.cherka-company.ba\/wp-content\/uploads\/2022\/09\/catalog-VITAHEALTH.pdf\" target=\"_blank\" rel=\"noopener\"><img loading=\"lazy\" class=\"alignnone wp-image-1864 size-full\" src=\"https:\/\/www.cherka-company.ba\/wp-content\/uploads\/2022\/09\/preuzmi.png\" alt=\"\" width=\"399\" height=\"126\" \/><\/a><\/p>\n<p><img loading=\"lazy\" class=\"alignnone size-full wp-image-2109\" src=\"https:\/\/www.cherka-company.ba\/wp-content\/uploads\/2022\/09\/zarys.png\" alt=\"\" width=\"250\" height=\"277\" \/><\/p>\n","protected":false},"featured_media":1861,"template":"","meta":[],"product_cat":[76,84],"product_tag":[],"_links":{"self":[{"href":"https:\/\/www.cherka-company.ba\/index.php?rest_route=\/wp\/v2\/product\/1771"}],"collection":[{"href":"https:\/\/www.cherka-company.ba\/index.php?rest_route=\/wp\/v2\/product"}],"about":[{"href":"https:\/\/www.cherka-company.ba\/index.php?rest_route=\/wp\/v2\/types\/product"}],"version-history":[{"count":7,"href":"https:\/\/www.cherka-company.ba\/index.php?rest_route=\/wp\/v2\/product\/1771\/revisions"}],"predecessor-version":[{"id":2119,"href":"https:\/\/www.cherka-company.ba\/index.php?rest_route=\/wp\/v2\/product\/1771\/revisions\/2119"}],"wp:featuredmedia":[{"embeddable":true,"href":"https:\/\/www.cherka-company.ba\/index.php?rest_route=\/wp\/v2\/media\/1861"}],"wp:attachment":[{"href":"https:\/\/www.cherka-company.ba\/index.php?rest_route=%2Fwp%2Fv2%2Fmedia&parent=1771"}],"wp:term":[{"taxonomy":"product_cat","embeddable":true,"href":"https:\/\/www.cherka-company.ba\/index.php?rest_route=%2Fwp%2Fv2%2Fproduct_cat&post=1771"},{"taxonomy":"product_tag","embeddable":true,"href":"https:\/\/www.cherka-company.ba\/index.php?rest_route=%2Fwp%2Fv2%2Fproduct_tag&post=1771"}],"curies":[{"name":"wp","href":"https:\/\/api.w.org\/{rel}","templated":true}]}}