{"id":1768,"date":"2022-09-02T06:28:08","date_gmt":"2022-09-02T06:28:08","guid":{"rendered":"https:\/\/www.cherka-company.ba\/?post_type=product&#038;p=1768"},"modified":"2022-09-16T18:56:35","modified_gmt":"2022-09-16T18:56:35","slug":"silkplast-flaster-svileni","status":"publish","type":"product","link":"https:\/\/www.cherka-company.ba\/?product=silkplast-flaster-svileni","title":{"rendered":"SILKplast flaster svileni"},"content":{"rendered":"<p>Za stabilizaciju, za\u0161titu i fiksaciju neljepljivih primarnih zavoja koji se stavljaju izravno na rane ili ozlije\u0111enu ko\u017eu.<\/p>\n<p>Za stabilizaciju, za\u0161titu i fiksaciju drenova, kanila i medicinskih cjev\u010dica<\/p>\n<p>Napravljen od rajona<br \/>\nboja bijela<br \/>\nna smotuljaku<br \/>\nnazubljeni rub<br \/>\ndobra propusnost zraka i pare<br \/>\ndobra ljepljivost<br \/>\nelasti\u010dan &#8211; udoban za pacijenta, prilago\u0111ava se obliku tijela i jam\u010di slobodu kretanja<br \/>\nmogu se odvojiti uzdu\u017e i poprijeko, tako\u0111er bez upotrebe \u0161kara<br \/>\nhipoalergenski<br \/>\nnesterilan<\/p>\n","protected":false},"excerpt":{"rendered":"<p>SS25005W &#8211; 2,5cm x 5m<\/p>\n<p>SS50005W &#8211; 5cm x 5m<\/p>\n<p><img loading=\"lazy\" class=\"alignnone size-full wp-image-2109\" src=\"https:\/\/www.cherka-company.ba\/wp-content\/uploads\/2022\/09\/zarys.png\" alt=\"\" width=\"250\" height=\"277\" \/><\/p>\n","protected":false},"featured_media":1769,"template":"","meta":[],"product_cat":[76,88],"product_tag":[],"_links":{"self":[{"href":"https:\/\/www.cherka-company.ba\/index.php?rest_route=\/wp\/v2\/product\/1768"}],"collection":[{"href":"https:\/\/www.cherka-company.ba\/index.php?rest_route=\/wp\/v2\/product"}],"about":[{"href":"https:\/\/www.cherka-company.ba\/index.php?rest_route=\/wp\/v2\/types\/product"}],"version-history":[{"count":2,"href":"https:\/\/www.cherka-company.ba\/index.php?rest_route=\/wp\/v2\/product\/1768\/revisions"}],"predecessor-version":[{"id":2120,"href":"https:\/\/www.cherka-company.ba\/index.php?rest_route=\/wp\/v2\/product\/1768\/revisions\/2120"}],"wp:featuredmedia":[{"embeddable":true,"href":"https:\/\/www.cherka-company.ba\/index.php?rest_route=\/wp\/v2\/media\/1769"}],"wp:attachment":[{"href":"https:\/\/www.cherka-company.ba\/index.php?rest_route=%2Fwp%2Fv2%2Fmedia&parent=1768"}],"wp:term":[{"taxonomy":"product_cat","embeddable":true,"href":"https:\/\/www.cherka-company.ba\/index.php?rest_route=%2Fwp%2Fv2%2Fproduct_cat&post=1768"},{"taxonomy":"product_tag","embeddable":true,"href":"https:\/\/www.cherka-company.ba\/index.php?rest_route=%2Fwp%2Fv2%2Fproduct_tag&post=1768"}],"curies":[{"name":"wp","href":"https:\/\/api.w.org\/{rel}","templated":true}]}}