{"id":1765,"date":"2022-09-02T06:18:26","date_gmt":"2022-09-02T06:18:26","guid":{"rendered":"https:\/\/www.cherka-company.ba\/?post_type=product&#038;p=1765"},"modified":"2022-09-16T18:56:43","modified_gmt":"2022-09-16T18:56:43","slug":"softplast-flaster-micropore","status":"publish","type":"product","link":"https:\/\/www.cherka-company.ba\/?product=softplast-flaster-micropore","title":{"rendered":"SOFTplast flaster micropore"},"content":{"rendered":"<p>Za stabilizaciju, za\u0161titu i fiksaciju neljepljivih primarnih zavoja koji se stavljaju izravno na rane ili ozlije\u0111enu ko\u017eu.<\/p>\n<p>Za stabilizaciju, za\u0161titu i fiksaciju drenova, kanila i medicinskih cjev\u010dica<\/p>\n<p>Zna\u010dajke:<br \/>\nizra\u0111en od netkanog materijala<br \/>\nboja bijela<br \/>\nna smotuljaku<br \/>\nravan kraj<br \/>\ndobra propusnost zraka i pare<br \/>\ndobra ljepljivost<br \/>\nelasti\u010dan &#8211; udoban za pacijenta, prilago\u0111ava se obliku tijela i jam\u010di slobodu kretanja<br \/>\nmogu se odvojiti uzdu\u017e i poprijeko, tako\u0111er bez upotrebe \u0161kara<br \/>\nhipoalergenski<br \/>\nakrilno ljepilo<br \/>\nnesterilan<\/p>\n","protected":false},"excerpt":{"rendered":"<p>SNW12505W &#8211; 1,25cm x 5m<\/p>\n<p>SNW12509W &#8211; 1,25cm x 9,14m<\/p>\n<p>SNW25005W &#8211; 2,5cm x 5m<\/p>\n<p>SNW25009W &#8211; 2,5cm x 9,14m<\/p>\n<p>SNW50005W &#8211; 5cm x 5m<\/p>\n<p>SNW50009W &#8211; 5cm x 9,14m<\/p>\n<p><img loading=\"lazy\" class=\"alignnone size-full wp-image-2109\" src=\"https:\/\/www.cherka-company.ba\/wp-content\/uploads\/2022\/09\/zarys.png\" alt=\"\" width=\"250\" height=\"277\" \/><\/p>\n","protected":false},"featured_media":1766,"template":"","meta":[],"product_cat":[76,88],"product_tag":[],"_links":{"self":[{"href":"https:\/\/www.cherka-company.ba\/index.php?rest_route=\/wp\/v2\/product\/1765"}],"collection":[{"href":"https:\/\/www.cherka-company.ba\/index.php?rest_route=\/wp\/v2\/product"}],"about":[{"href":"https:\/\/www.cherka-company.ba\/index.php?rest_route=\/wp\/v2\/types\/product"}],"version-history":[{"count":2,"href":"https:\/\/www.cherka-company.ba\/index.php?rest_route=\/wp\/v2\/product\/1765\/revisions"}],"predecessor-version":[{"id":2121,"href":"https:\/\/www.cherka-company.ba\/index.php?rest_route=\/wp\/v2\/product\/1765\/revisions\/2121"}],"wp:featuredmedia":[{"embeddable":true,"href":"https:\/\/www.cherka-company.ba\/index.php?rest_route=\/wp\/v2\/media\/1766"}],"wp:attachment":[{"href":"https:\/\/www.cherka-company.ba\/index.php?rest_route=%2Fwp%2Fv2%2Fmedia&parent=1765"}],"wp:term":[{"taxonomy":"product_cat","embeddable":true,"href":"https:\/\/www.cherka-company.ba\/index.php?rest_route=%2Fwp%2Fv2%2Fproduct_cat&post=1765"},{"taxonomy":"product_tag","embeddable":true,"href":"https:\/\/www.cherka-company.ba\/index.php?rest_route=%2Fwp%2Fv2%2Fproduct_tag&post=1765"}],"curies":[{"name":"wp","href":"https:\/\/api.w.org\/{rel}","templated":true}]}}