{"id":1596,"date":"2022-08-16T16:27:58","date_gmt":"2022-08-16T16:27:58","guid":{"rendered":"https:\/\/www.cherka-company.ba\/?post_type=product&#038;p=1596"},"modified":"2022-09-16T08:19:00","modified_gmt":"2022-09-16T08:19:00","slug":"nelaton-kateter","status":"publish","type":"product","link":"https:\/\/www.cherka-company.ba\/?product=nelaton-kateter","title":{"rendered":"Nelaton kateter"},"content":{"rendered":"<p>Sastoji se od cijevi s otvorom s jedne strane te vr\u0161kom za spajanje na drugoj strani koja se spaja na vre\u0107icu za sakupljanje urina. U pakovanje je 50 komada katetera du\u017eine 400 mm<\/p>\n","protected":false},"excerpt":{"rendered":"<p>Nelaton kateter je namjenjen za jednokratnu upotrebu.<\/p>\n<p><img loading=\"lazy\" class=\"alignnone size-full wp-image-2109\" src=\"https:\/\/www.cherka-company.ba\/wp-content\/uploads\/2022\/09\/zarys.png\" alt=\"\" width=\"250\" height=\"277\" \/><\/p>\n","protected":false},"featured_media":1594,"template":"","meta":[],"product_cat":[51,54],"product_tag":[],"_links":{"self":[{"href":"https:\/\/www.cherka-company.ba\/index.php?rest_route=\/wp\/v2\/product\/1596"}],"collection":[{"href":"https:\/\/www.cherka-company.ba\/index.php?rest_route=\/wp\/v2\/product"}],"about":[{"href":"https:\/\/www.cherka-company.ba\/index.php?rest_route=\/wp\/v2\/types\/product"}],"version-history":[{"count":2,"href":"https:\/\/www.cherka-company.ba\/index.php?rest_route=\/wp\/v2\/product\/1596\/revisions"}],"predecessor-version":[{"id":2124,"href":"https:\/\/www.cherka-company.ba\/index.php?rest_route=\/wp\/v2\/product\/1596\/revisions\/2124"}],"wp:featuredmedia":[{"embeddable":true,"href":"https:\/\/www.cherka-company.ba\/index.php?rest_route=\/wp\/v2\/media\/1594"}],"wp:attachment":[{"href":"https:\/\/www.cherka-company.ba\/index.php?rest_route=%2Fwp%2Fv2%2Fmedia&parent=1596"}],"wp:term":[{"taxonomy":"product_cat","embeddable":true,"href":"https:\/\/www.cherka-company.ba\/index.php?rest_route=%2Fwp%2Fv2%2Fproduct_cat&post=1596"},{"taxonomy":"product_tag","embeddable":true,"href":"https:\/\/www.cherka-company.ba\/index.php?rest_route=%2Fwp%2Fv2%2Fproduct_tag&post=1596"}],"curies":[{"name":"wp","href":"https:\/\/api.w.org\/{rel}","templated":true}]}}