{"id":1587,"date":"2022-08-16T16:13:07","date_gmt":"2022-08-16T16:13:07","guid":{"rendered":"https:\/\/www.cherka-company.ba\/?post_type=product&#038;p=1587"},"modified":"2022-09-16T08:00:08","modified_gmt":"2022-09-16T08:00:08","slug":"urin-vrecice-uz-nogu-1500-ml","status":"publish","type":"product","link":"https:\/\/www.cherka-company.ba\/?product=urin-vrecice-uz-nogu-1500-ml","title":{"rendered":"Urin vre\u0107ice uz nogu 1500 ml"},"content":{"rendered":"<div class=\"elementor-column elementor-col-33 elementor-top-column elementor-element elementor-element-e21111a\" data-id=\"e21111a\" data-element_type=\"column\">\n<div class=\"elementor-widget-wrap elementor-element-populated\">\n<div class=\"elementor-element elementor-element-9fe3c39 elementor-widget elementor-widget-wd_text_block\" data-id=\"9fe3c39\" data-element_type=\"widget\" data-widget_type=\"wd_text_block.default\">\n<div class=\"elementor-widget-container\">\n<div class=\"wd-text-block reset-last-child text-left\">\n<p>Vre\u0107ica je zavarena u sredini, \u010dine\u0107i parcijalnu internu barijeru dozvoljavaju\u0107i urinu da se ravnomjerno podijeli u odjeljke. Ovo ima dvostruku fukciju. Omogu\u0107ava ravnomjerno punjenje vre\u0107ice, \u0161to je \u010dini manje vidljivom i sprije\u010dava zapljuskivanje urina. Ona je jednostavno vi\u0161e diskretna.<\/p>\n<\/div>\n<\/div>\n<\/div>\n<\/div>\n<\/div>\n","protected":false},"excerpt":{"rendered":"<p>Vre\u0107ice za urin imaju visoko savitljive cijevi koje se mogu savijati i zavrtati bez blokiranja toka urina. Ako je crijevo predugo, isto se mo\u017ee skratiti pomo\u0107u makaza.<\/p>\n<p><img loading=\"lazy\" class=\"alignnone size-medium wp-image-2088\" src=\"https:\/\/www.cherka-company.ba\/wp-content\/uploads\/2022\/08\/Coloplast-300x68.jpg\" alt=\"\" width=\"300\" height=\"68\" \/><\/p>\n","protected":false},"featured_media":2087,"template":"","meta":[],"product_cat":[51,52],"product_tag":[],"_links":{"self":[{"href":"https:\/\/www.cherka-company.ba\/index.php?rest_route=\/wp\/v2\/product\/1587"}],"collection":[{"href":"https:\/\/www.cherka-company.ba\/index.php?rest_route=\/wp\/v2\/product"}],"about":[{"href":"https:\/\/www.cherka-company.ba\/index.php?rest_route=\/wp\/v2\/types\/product"}],"version-history":[{"count":2,"href":"https:\/\/www.cherka-company.ba\/index.php?rest_route=\/wp\/v2\/product\/1587\/revisions"}],"predecessor-version":[{"id":2089,"href":"https:\/\/www.cherka-company.ba\/index.php?rest_route=\/wp\/v2\/product\/1587\/revisions\/2089"}],"wp:featuredmedia":[{"embeddable":true,"href":"https:\/\/www.cherka-company.ba\/index.php?rest_route=\/wp\/v2\/media\/2087"}],"wp:attachment":[{"href":"https:\/\/www.cherka-company.ba\/index.php?rest_route=%2Fwp%2Fv2%2Fmedia&parent=1587"}],"wp:term":[{"taxonomy":"product_cat","embeddable":true,"href":"https:\/\/www.cherka-company.ba\/index.php?rest_route=%2Fwp%2Fv2%2Fproduct_cat&post=1587"},{"taxonomy":"product_tag","embeddable":true,"href":"https:\/\/www.cherka-company.ba\/index.php?rest_route=%2Fwp%2Fv2%2Fproduct_tag&post=1587"}],"curies":[{"name":"wp","href":"https:\/\/api.w.org\/{rel}","templated":true}]}}