{"id":1313,"date":"2022-08-10T06:43:07","date_gmt":"2022-08-10T06:43:07","guid":{"rendered":"https:\/\/www.cherka-company.ba\/?post_type=product&#038;p=1313"},"modified":"2022-09-06T11:45:20","modified_gmt":"2022-09-06T11:45:20","slug":"wellfine-igle","status":"publish","type":"product","link":"https:\/\/www.cherka-company.ba\/?product=wellfine-igle","title":{"rendered":"WellFine igle"},"content":{"rendered":"<div class=\"elementor-column elementor-col-33 elementor-top-column elementor-element elementor-element-e21111a\" data-id=\"e21111a\" data-element_type=\"column\">\n<div class=\"elementor-widget-wrap elementor-element-populated\">\n<div class=\"elementor-element elementor-element-9fe3c39 elementor-widget elementor-widget-wd_text_block\" data-id=\"9fe3c39\" data-element_type=\"widget\" data-widget_type=\"wd_text_block.default\">\n<div class=\"elementor-widget-container\">\n<div class=\"wd-text-block reset-last-child text-left\">\n<ul class=\"unordered-list\">\n<li>Veli\u010dine 4mm,6mm, 8mm<\/li>\n<li>Manje boli pri ubodu zbog specijalno nao\u0161trenog ruba, \u010diste o\u0161trice te dodatnog silikonskog premaza vrha<\/li>\n<li>Bez lateksa<\/li>\n<li>Bez toksina<\/li>\n<li>SUS 304<\/li>\n<li>Specijalno dizajnirana stijenka za bolji protok<\/li>\n<li>Kombatibilne su sa svim standardnim brizgalicama (ISO 11608)<\/li>\n<li>Sterilne<\/li>\n<li>Pakiranje: 100 komada<\/li>\n<\/ul>\n<\/div>\n<\/div>\n<\/div>\n<\/div>\n<\/div>\n","protected":false},"excerpt":{"rendered":"<p>WellFine igle za inzulin su specijalno dizajnirane za bolji protok inzulina te su kompatibilne sa svim standardnim inzulinskim brizgalicama.<\/p>\n","protected":false},"featured_media":1858,"template":"","meta":[],"product_cat":[66],"product_tag":[],"_links":{"self":[{"href":"https:\/\/www.cherka-company.ba\/index.php?rest_route=\/wp\/v2\/product\/1313"}],"collection":[{"href":"https:\/\/www.cherka-company.ba\/index.php?rest_route=\/wp\/v2\/product"}],"about":[{"href":"https:\/\/www.cherka-company.ba\/index.php?rest_route=\/wp\/v2\/types\/product"}],"version-history":[{"count":3,"href":"https:\/\/www.cherka-company.ba\/index.php?rest_route=\/wp\/v2\/product\/1313\/revisions"}],"predecessor-version":[{"id":1860,"href":"https:\/\/www.cherka-company.ba\/index.php?rest_route=\/wp\/v2\/product\/1313\/revisions\/1860"}],"wp:featuredmedia":[{"embeddable":true,"href":"https:\/\/www.cherka-company.ba\/index.php?rest_route=\/wp\/v2\/media\/1858"}],"wp:attachment":[{"href":"https:\/\/www.cherka-company.ba\/index.php?rest_route=%2Fwp%2Fv2%2Fmedia&parent=1313"}],"wp:term":[{"taxonomy":"product_cat","embeddable":true,"href":"https:\/\/www.cherka-company.ba\/index.php?rest_route=%2Fwp%2Fv2%2Fproduct_cat&post=1313"},{"taxonomy":"product_tag","embeddable":true,"href":"https:\/\/www.cherka-company.ba\/index.php?rest_route=%2Fwp%2Fv2%2Fproduct_tag&post=1313"}],"curies":[{"name":"wp","href":"https:\/\/api.w.org\/{rel}","templated":true}]}}