{"id":1307,"date":"2022-08-10T06:38:12","date_gmt":"2022-08-10T06:38:12","guid":{"rendered":"https:\/\/www.cherka-company.ba\/?post_type=product&#038;p=1307"},"modified":"2022-08-10T06:40:36","modified_gmt":"2022-08-10T06:40:36","slug":"care-sens-pro-trakice","status":"publish","type":"product","link":"https:\/\/www.cherka-company.ba\/?product=care-sens-pro-trakice","title":{"rendered":"Care Sens Pro trakice"},"content":{"rendered":"<div class=\"elementor-column elementor-col-33 elementor-top-column elementor-element elementor-element-e21111a\" data-id=\"e21111a\" data-element_type=\"column\">\n<div class=\"elementor-widget-wrap elementor-element-populated\">\n<div class=\"elementor-element elementor-element-9fe3c39 elementor-widget elementor-widget-wd_text_block\" data-id=\"9fe3c39\" data-element_type=\"widget\" data-widget_type=\"wd_text_block.default\">\n<div class=\"elementor-widget-container\">\n<div class=\"wd-text-block reset-last-child text-left\">\n<ul class=\"unordered-list\">\n<li>Ispitivanje: glukoza u krvi<\/li>\n<li>Senzorska tehnologija s kombinacijom enzima GDH-FAD sprje\u010dava utjecaj vanjskih faktora na rezultate mjerenja<\/li>\n<li>\u0160e\u0107eri sli\u010dni glukozi (maltoza, galaktoza i ksiloza) ne mogu uzrokovati pogre\u0161ne rezultate mjerenja<\/li>\n<li>Ergonomske test trakice su za\u0161ti\u0107ene posebnim filmom te se mogu cijelom povr\u0161inom dirati prije uporabe<\/li>\n<li>Zadovoljava zahtjeve novog standarda ISO 15197:2013 (15197:2015)<\/li>\n<li>Raspon mjerenja: 1,1 &#8211; 33,3 mmol\/L<\/li>\n<li>Veli\u010dina uzorka: Minimalno 0,4 \u03bcL<\/li>\n<li>Radna temperatura: 5 &#8211; 45\u00b0C<\/li>\n<li>Temperatura skladi\u0161tenja: 1 &#8211; 30\u00b0C<\/li>\n<li>Rok trajanja: do roka valjanosti ispisanog na etiketi<\/li>\n<li>Datum isteka: 24 mjeseca nakon otvaranja bo\u010dice<\/li>\n<li>Pakiranje: 25 i 50 komada<\/li>\n<\/ul>\n<\/div>\n<\/div>\n<\/div>\n<\/div>\n<\/div>\n","protected":false},"excerpt":{"rendered":"<p>Test trakice za ispitivanje glukoze u krvi koje zahtjevaju jako malo koli\u010dinu uzorka krvi od 0,4 \u03bcL te se koristi s CareSens Pro glukometrima.<\/p>\n","protected":false},"featured_media":1308,"template":"","meta":[],"product_cat":[66],"product_tag":[],"_links":{"self":[{"href":"https:\/\/www.cherka-company.ba\/index.php?rest_route=\/wp\/v2\/product\/1307"}],"collection":[{"href":"https:\/\/www.cherka-company.ba\/index.php?rest_route=\/wp\/v2\/product"}],"about":[{"href":"https:\/\/www.cherka-company.ba\/index.php?rest_route=\/wp\/v2\/types\/product"}],"version-history":[{"count":1,"href":"https:\/\/www.cherka-company.ba\/index.php?rest_route=\/wp\/v2\/product\/1307\/revisions"}],"predecessor-version":[{"id":1309,"href":"https:\/\/www.cherka-company.ba\/index.php?rest_route=\/wp\/v2\/product\/1307\/revisions\/1309"}],"wp:featuredmedia":[{"embeddable":true,"href":"https:\/\/www.cherka-company.ba\/index.php?rest_route=\/wp\/v2\/media\/1308"}],"wp:attachment":[{"href":"https:\/\/www.cherka-company.ba\/index.php?rest_route=%2Fwp%2Fv2%2Fmedia&parent=1307"}],"wp:term":[{"taxonomy":"product_cat","embeddable":true,"href":"https:\/\/www.cherka-company.ba\/index.php?rest_route=%2Fwp%2Fv2%2Fproduct_cat&post=1307"},{"taxonomy":"product_tag","embeddable":true,"href":"https:\/\/www.cherka-company.ba\/index.php?rest_route=%2Fwp%2Fv2%2Fproduct_tag&post=1307"}],"curies":[{"name":"wp","href":"https:\/\/api.w.org\/{rel}","templated":true}]}}